{"id":1151,"date":"2023-10-22T13:16:49","date_gmt":"2023-10-22T11:16:49","guid":{"rendered":"https:\/\/camperplaatswillemsoord.nl\/preise\/"},"modified":"2026-02-13T18:37:25","modified_gmt":"2026-02-13T17:37:25","slug":"preise","status":"publish","type":"page","link":"https:\/\/camperplaatswillemsoord.nl\/de\/preise\/","title":{"rendered":"Preise"},"content":{"rendered":"\t\t<div data-elementor-type=\"wp-page\" data-elementor-id=\"1151\" class=\"elementor elementor-1151 elementor-26\" data-elementor-post-type=\"page\">\n\t\t\t\t<div class=\"elementor-element elementor-element-20abb39 e-con-full e-flex e-con e-parent\" data-id=\"20abb39\" data-element_type=\"container\" data-e-type=\"container\" data-settings=\"{&quot;background_background&quot;:&quot;slideshow&quot;,&quot;background_slideshow_gallery&quot;:[{&quot;id&quot;:2157,&quot;url&quot;:&quot;https:\\\/\\\/camperplaatswillemsoord.nl\\\/wp-content\\\/uploads\\\/2026\\\/02\\\/Camperplaats-Willemsoord-impressie-2.jpeg&quot;},{&quot;id&quot;:2160,&quot;url&quot;:&quot;https:\\\/\\\/camperplaatswillemsoord.nl\\\/wp-content\\\/uploads\\\/2026\\\/02\\\/Camperplaats-Willemsoord-impressie-1.jpeg&quot;},{&quot;id&quot;:2155,&quot;url&quot;:&quot;https:\\\/\\\/camperplaatswillemsoord.nl\\\/wp-content\\\/uploads\\\/2026\\\/02\\\/Camperplaats-Willemsoord-impressie-7.jpg&quot;},{&quot;id&quot;:2154,&quot;url&quot;:&quot;https:\\\/\\\/camperplaatswillemsoord.nl\\\/wp-content\\\/uploads\\\/2026\\\/02\\\/Camperplaats-Willemsoord-impressie-3.jpg&quot;},{&quot;id&quot;:2153,&quot;url&quot;:&quot;https:\\\/\\\/camperplaatswillemsoord.nl\\\/wp-content\\\/uploads\\\/2026\\\/02\\\/Camperplaats-Willemsoord-impressie-10.jpg&quot;}],&quot;background_slideshow_slide_duration&quot;:3000,&quot;background_slideshow_loop&quot;:&quot;yes&quot;,&quot;background_slideshow_slide_transition&quot;:&quot;fade&quot;,&quot;background_slideshow_transition_duration&quot;:500}\">\n\t\t\t\t<div class=\"elementor-element elementor-element-9ee224c dce_masking-none elementor-invisible elementor-widget elementor-widget-image\" data-id=\"9ee224c\" data-element_type=\"widget\" data-e-type=\"widget\" data-settings=\"{&quot;_animation&quot;:&quot;rollIn&quot;}\" data-widget_type=\"image.default\">\n\t\t\t\t<div class=\"elementor-widget-container\">\n\t\t\t\t\t\t\t\t\t\t\t\t\t\t\t<img fetchpriority=\"high\" decoding=\"async\" width=\"4500\" height=\"4500\" src=\"https:\/\/camperplaatswillemsoord.nl\/wp-content\/uploads\/2023\/10\/Camperplaats-Willemsoord-Logo_2023-vierkant.png\" class=\"attachment-full size-full wp-image-172\" alt=\"Wohnmobilstellplatz Willemsoord Logo 2023 Platz\" srcset=\"https:\/\/camperplaatswillemsoord.nl\/wp-content\/uploads\/2023\/10\/Camperplaats-Willemsoord-Logo_2023-vierkant.png 4500w, https:\/\/camperplaatswillemsoord.nl\/wp-content\/uploads\/2023\/10\/Camperplaats-Willemsoord-Logo_2023-vierkant-300x300.png 300w, https:\/\/camperplaatswillemsoord.nl\/wp-content\/uploads\/2023\/10\/Camperplaats-Willemsoord-Logo_2023-vierkant-1024x1024.png 1024w, https:\/\/camperplaatswillemsoord.nl\/wp-content\/uploads\/2023\/10\/Camperplaats-Willemsoord-Logo_2023-vierkant-150x150.png 150w, https:\/\/camperplaatswillemsoord.nl\/wp-content\/uploads\/2023\/10\/Camperplaats-Willemsoord-Logo_2023-vierkant-768x768.png 768w, https:\/\/camperplaatswillemsoord.nl\/wp-content\/uploads\/2023\/10\/Camperplaats-Willemsoord-Logo_2023-vierkant-1536x1536.png 1536w, https:\/\/camperplaatswillemsoord.nl\/wp-content\/uploads\/2023\/10\/Camperplaats-Willemsoord-Logo_2023-vierkant-2048x2048.png 2048w\" sizes=\"(max-width: 4500px) 100vw, 4500px\" \/>\t\t\t\t\t\t\t\t\t\t\t\t\t\t\t<\/div>\n\t\t\t\t<\/div>\n\t\t\t\t<div class=\"elementor-element elementor-element-c97eead elementor-invisible elementor-widget elementor-widget-heading\" data-id=\"c97eead\" data-element_type=\"widget\" data-e-type=\"widget\" data-settings=\"{&quot;_animation&quot;:&quot;fadeInRight&quot;}\" data-widget_type=\"heading.default\">\n\t\t\t\t<div class=\"elementor-widget-container\">\n\t\t\t\t\t<h2 class=\"elementor-heading-title elementor-size-default\">Unsere Preise<\/h2>\t\t\t\t<\/div>\n\t\t\t\t<\/div>\n\t\t\t\t<\/div>\n\t\t<div data-dce-background-image-url=\"https:\/\/camperplaatswillemsoord.nl\/wp-content\/uploads\/2023\/10\/Camperplaats-Willemsoord-Achtergrond-Camper-22x.png\" class=\"elementor-element elementor-element-7d77a2d e-flex e-con-boxed e-con e-parent\" data-id=\"7d77a2d\" data-element_type=\"container\" data-e-type=\"container\" data-settings=\"{&quot;background_background&quot;:&quot;classic&quot;}\">\n\t\t\t\t\t<div class=\"e-con-inner\">\n\t\t<div class=\"elementor-element elementor-element-621f1a0 e-con-full e-flex e-con e-child\" data-id=\"621f1a0\" data-element_type=\"container\" data-e-type=\"container\">\n\t\t\t\t<div class=\"elementor-element elementor-element-b83c62f dce_masking-none elementor-widget elementor-widget-image\" data-id=\"b83c62f\" data-element_type=\"widget\" data-e-type=\"widget\" data-widget_type=\"image.default\">\n\t\t\t\t<div class=\"elementor-widget-container\">\n\t\t\t\t\t\t\t\t\t\t\t\t\t\t\t<img decoding=\"async\" width=\"920\" height=\"1440\" src=\"https:\/\/camperplaatswillemsoord.nl\/wp-content\/uploads\/2023\/10\/Camperplaats-Willemsoord-Johannes-van-den-Bosch-Beeld-1.jpeg\" class=\"attachment-full size-full wp-image-1076\" alt=\"Wohnmobilstellplatz Willemsoord Johannes van den Bosch Bild 1\" srcset=\"https:\/\/camperplaatswillemsoord.nl\/wp-content\/uploads\/2023\/10\/Camperplaats-Willemsoord-Johannes-van-den-Bosch-Beeld-1.jpeg 920w, https:\/\/camperplaatswillemsoord.nl\/wp-content\/uploads\/2023\/10\/Camperplaats-Willemsoord-Johannes-van-den-Bosch-Beeld-1-192x300.jpeg 192w, https:\/\/camperplaatswillemsoord.nl\/wp-content\/uploads\/2023\/10\/Camperplaats-Willemsoord-Johannes-van-den-Bosch-Beeld-1-654x1024.jpeg 654w, https:\/\/camperplaatswillemsoord.nl\/wp-content\/uploads\/2023\/10\/Camperplaats-Willemsoord-Johannes-van-den-Bosch-Beeld-1-768x1202.jpeg 768w\" sizes=\"(max-width: 920px) 100vw, 920px\" \/>\t\t\t\t\t\t\t\t\t\t\t\t\t\t\t<\/div>\n\t\t\t\t<\/div>\n\t\t\t\t<\/div>\n\t\t<div class=\"elementor-element elementor-element-2d25291 e-con-full e-flex e-con e-child\" data-id=\"2d25291\" data-element_type=\"container\" data-e-type=\"container\">\n\t\t\t\t<div class=\"elementor-element elementor-element-a62d432 elementor-widget elementor-widget-heading\" data-id=\"a62d432\" data-element_type=\"widget\" data-e-type=\"widget\" data-widget_type=\"heading.default\">\n\t\t\t\t<div class=\"elementor-widget-container\">\n\t\t\t\t\t<h2 class=\"elementor-heading-title elementor-size-default\">Preise Wohnmobilstellplatz Willemsoord<\/h2>\t\t\t\t<\/div>\n\t\t\t\t<\/div>\n\t\t\t\t<div class=\"elementor-element elementor-element-add7220 elementor-widget elementor-widget-text-editor\" data-id=\"add7220\" data-element_type=\"widget\" data-e-type=\"widget\" data-widget_type=\"text-editor.default\">\n\t\t\t\t<div class=\"elementor-widget-container\">\n\t\t\t\t\t\t\t\t\t<p>Auf dieser Seite finden Sie einen \u00dcberblick \u00fcber unsere Tarife. Wir haben alles transparent gemacht, damit Sie genau wissen, wie hoch die <strong>Kosten<\/strong> f\u00fcr Ihren Aufenthalt auf dem Wohnmobilstellplatz Willemsoord sind. So k\u00f6nnen Sie alles, was unser sch\u00f6ner Veranstaltungsort zu bieten hat, ohne \u00dcberraschungen genie\u00dfen. Detaillierte Preisinformationen finden Sie unten.<\/p>\t\t\t\t\t\t\t\t<\/div>\n\t\t\t\t<\/div>\n\t\t\t\t<div class=\"elementor-element elementor-element-c4049cc elementor-align-right elementor-tablet_extra-align-center elementor-tablet-align-center elementor-mobile-align-center elementor-widget elementor-widget-button\" data-id=\"c4049cc\" data-element_type=\"widget\" data-e-type=\"widget\" data-widget_type=\"button.default\">\n\t\t\t\t<div class=\"elementor-widget-container\">\n\t\t\t\t\t\t\t\t\t<div class=\"elementor-button-wrapper\">\n\t\t\t\t\t<a class=\"elementor-button elementor-button-link elementor-size-sm elementor-animation-float\" href=\"#bekijktarieven\">\n\t\t\t\t\t\t<span class=\"elementor-button-content-wrapper\">\n\t\t\t\t\t\t\t\t\t<span class=\"elementor-button-text\">Preise anzeigen<\/span>\n\t\t\t\t\t<\/span>\n\t\t\t\t\t<\/a>\n\t\t\t\t<\/div>\n\t\t\t\t\t\t\t\t<\/div>\n\t\t\t\t<\/div>\n\t\t\t\t<div class=\"elementor-element elementor-element-2305083 elementor-widget elementor-widget-heading\" data-id=\"2305083\" data-element_type=\"widget\" data-e-type=\"widget\" data-widget_type=\"heading.default\">\n\t\t\t\t<div class=\"elementor-widget-container\">\n\t\t\t\t\t<h2 class=\"elementor-heading-title elementor-size-default\">Ein Paradies f\u00fcr Reisemobilisten<\/h2>\t\t\t\t<\/div>\n\t\t\t\t<\/div>\n\t\t\t\t<div class=\"elementor-element elementor-element-2e58186 elementor-widget elementor-widget-heading\" data-id=\"2e58186\" data-element_type=\"widget\" data-e-type=\"widget\" data-widget_type=\"heading.default\">\n\t\t\t\t<div class=\"elementor-widget-container\">\n\t\t\t\t\t<h5 class=\"elementor-heading-title elementor-size-default\">Warum Wohnmobilstellplatz Willemsoord w\u00e4hlen?<\/h5>\t\t\t\t<\/div>\n\t\t\t\t<\/div>\n\t\t\t\t<div class=\"elementor-element elementor-element-fb27109 elementor-widget elementor-widget-text-editor\" data-id=\"fb27109\" data-element_type=\"widget\" data-e-type=\"widget\" data-widget_type=\"text-editor.default\">\n\t\t\t\t<div class=\"elementor-widget-container\">\n\t\t\t\t\t\t\t\t\t<p>Der Wohnmobilstellplatz Willemsoord ist mehr als nur ein Stellplatz f\u00fcr Ihr Wohnmobil. Eingebettet in das bezaubernde Herz der Overijssel, inmitten des gr\u00f6\u00dften ununterbrochenen Niedermoores in Nordwesteuropa, bieten wir<strong> 18 gro\u00dfz\u00fcgige Wohnmobilstellpl\u00e4tze<\/strong>, die mit allen Annehmlichkeiten ausgestattet sind, die sich ein Reisender vorstellen kann. Ob Sie in der bezaubernden Landschaft des Nationalparks Weerribben-Wieden vor sich hintr\u00e4umen oder die reine Luft in der Natur genie\u00dfen wollen, bei uns finden Sie die perfekte Harmonie zwischen Mensch, Geschichte und Natur. Sie sind jederzeit herzlich eingeladen, diesen einzigartigen Teil der Niederlande mit uns zu erleben.<\/p>\t\t\t\t\t\t\t\t<\/div>\n\t\t\t\t<\/div>\n\t\t\t\t<\/div>\n\t\t\t\t\t<\/div>\n\t\t\t\t<\/div>\n\t\t<div class=\"elementor-element elementor-element-ee194bf e-flex e-con-boxed e-con e-parent\" data-id=\"ee194bf\" data-element_type=\"container\" data-e-type=\"container\">\n\t\t\t\t\t<div class=\"e-con-inner\">\n\t\t<div data-dce-background-image-url=\"https:\/\/camperplaatswillemsoord.nl\/wp-content\/uploads\/2023\/10\/Camperplaats-Willemsoord-Achtergrond-Sectie-2.png\" class=\"elementor-element elementor-element-e451c2c e-flex e-con-boxed e-con e-child\" data-id=\"e451c2c\" data-element_type=\"container\" data-e-type=\"container\" data-settings=\"{&quot;background_background&quot;:&quot;classic&quot;}\">\n\t\t\t\t\t<div class=\"e-con-inner\">\n\t\t<div class=\"elementor-element elementor-element-a92076a e-con-full e-flex e-con e-child\" data-id=\"a92076a\" data-element_type=\"container\" data-e-type=\"container\">\n\t\t\t\t<div class=\"elementor-element elementor-element-ed55dee elementor-widget elementor-widget-heading\" data-id=\"ed55dee\" data-element_type=\"widget\" data-e-type=\"widget\" data-widget_type=\"heading.default\">\n\t\t\t\t<div class=\"elementor-widget-container\">\n\t\t\t\t\t<h2 class=\"elementor-heading-title elementor-size-default\">Ankunft und Abreise<\/h2>\t\t\t\t<\/div>\n\t\t\t\t<\/div>\n\t\t\t\t<div class=\"elementor-element elementor-element-4beb8af elementor-align-right elementor-tablet_extra-align-center elementor-tablet-align-center elementor-mobile-align-center elementor-widget elementor-widget-button\" data-id=\"4beb8af\" data-element_type=\"widget\" data-e-type=\"widget\" data-widget_type=\"button.default\">\n\t\t\t\t<div class=\"elementor-widget-container\">\n\t\t\t\t\t\t\t\t\t<div class=\"elementor-button-wrapper\">\n\t\t\t\t\t<a class=\"elementor-button elementor-button-link elementor-size-xl elementor-animation-float\" href=\"https:\/\/camperplaatswillemsoord.nl\/de\/hausordnung\/\">\n\t\t\t\t\t\t<span class=\"elementor-button-content-wrapper\">\n\t\t\t\t\t\t<span class=\"elementor-button-icon\">\n\t\t\t\t<i aria-hidden=\"true\" class=\"fas fa-paperclip\"><\/i>\t\t\t<\/span>\n\t\t\t\t\t\t\t\t\t<span class=\"elementor-button-text\">Mehr Hausordnung anzeigen<\/span>\n\t\t\t\t\t<\/span>\n\t\t\t\t\t<\/a>\n\t\t\t\t<\/div>\n\t\t\t\t\t\t\t\t<\/div>\n\t\t\t\t<\/div>\n\t\t\t\t<\/div>\n\t\t\t\t<div class=\"elementor-element elementor-element-e6a3579 elementor-position-inline-start elementor-view-default elementor-mobile-position-block-start elementor-widget elementor-widget-icon-box\" data-id=\"e6a3579\" data-element_type=\"widget\" data-e-type=\"widget\" data-widget_type=\"icon-box.default\">\n\t\t\t\t<div class=\"elementor-widget-container\">\n\t\t\t\t\t\t\t<div class=\"elementor-icon-box-wrapper\">\n\n\t\t\t\t\t\t<div class=\"elementor-icon-box-icon\">\n\t\t\t\t<span  class=\"elementor-icon\">\n\t\t\t\t<i aria-hidden=\"true\" class=\"fas fa-info-circle\"><\/i>\t\t\t\t<\/span>\n\t\t\t<\/div>\n\t\t\t\n\t\t\t\t\t\t<div class=\"elementor-icon-box-content\">\n\n\t\t\t\t\n\t\t\t\t\t\t\t\t\t<p class=\"elementor-icon-box-description\">\n\t\t\t\t\t\tBei Ihrer Ankunft bitten wir Sie, sich an unserer Rezeption zu melden. Sollten Sie niemanden finden, k\u00f6nnen Sie beruhigt sein: \u00fcber die Rufnummer <br><strong>\n  <a href=\"tel:+31642245424\" target=\"_blank\" rel=\"noopener\">06 - 4224 5424<\/a>\n<\/strong> wir sind zwischen 9 und 21 Uhr f\u00fcr Sie da.\n\nDa wir an die Spontaneit\u00e4t und Freiheit des Campings glauben, <strong>bieten wir keine Reservierungen an<\/strong>. Aber Sie m\u00f6chten sich einen Platz sichern? Nat\u00fcrlich, das verstehen wir vollkommen. <strong>  Ab einem Aufenthalt von 2 N\u00e4chten ist es m\u00f6glich, eine Reservierung vorzunehmen.<\/strong>  Rufen Sie uns einfach an oder schicken Sie uns eine E-Mail. Wir werden Ihnen gerne helfen und Ihre Reservierung pers\u00f6nlich best\u00e4tigen. \n\nAm Tag Ihrer Abreise bitten wir Sie, Ihren Platz <strong>bis 13 Uhr zu r\u00e4umen<\/strong>, damit wir auch andere Abenteurer herzlich willkommen hei\u00dfen k\u00f6nnen.\n\nGenie\u00dfen Sie jeden Moment auf dem Wohnmobilstellplatz Willemsoord, und sollten Sie Fragen haben, sind wir immer f\u00fcr Sie da!\t\t\t\t\t<\/p>\n\t\t\t\t\n\t\t\t<\/div>\n\t\t\t\n\t\t<\/div>\n\t\t\t\t\t\t<\/div>\n\t\t\t\t<\/div>\n\t\t\t\t\t<\/div>\n\t\t\t\t<\/div>\n\t\t\t\t\t<\/div>\n\t\t\t\t<\/div>\n\t\t<div class=\"elementor-element elementor-element-c95b947 e-flex e-con-boxed e-con e-parent\" data-id=\"c95b947\" data-element_type=\"container\" data-e-type=\"container\" id=\"bekijktarieven\">\n\t\t\t\t\t<div class=\"e-con-inner\">\n\t\t\t\t<div class=\"elementor-element elementor-element-848bf2a elementor-widget elementor-widget-heading\" data-id=\"848bf2a\" data-element_type=\"widget\" data-e-type=\"widget\" data-widget_type=\"heading.default\">\n\t\t\t\t<div class=\"elementor-widget-container\">\n\t\t\t\t\t<h2 class=\"elementor-heading-title elementor-size-default\">Preise f\u00fcr 2026<\/h2>\t\t\t\t<\/div>\n\t\t\t\t<\/div>\n\t\t\t\t<div class=\"elementor-element elementor-element-fdab7b0 elementor-widget elementor-widget-text-editor\" data-id=\"fdab7b0\" data-element_type=\"widget\" data-e-type=\"widget\" data-widget_type=\"text-editor.default\">\n\t\t\t\t<div class=\"elementor-widget-container\">\n\t\t\t\t\t\t\t\t\t<table width=\"100%\"><tbody><tr><td>\u00dcbernachtung inklusive Kurtaxe f\u00fcr 2 Personen<\/td><td>18,50 \u20ac pro Nacht<\/td><\/tr><tr><td>\u00dcbernachtung zus\u00e4tzliche Person \u00fcber 2 Personen<\/td><td>\u20ac 2,00 p.P.P.N.<\/td><\/tr><tr><td>Ableitung von Abwasser<\/td><td>Frei<\/td><\/tr><tr><td>Chemiekassetten-Toilettenentleerung<\/td><td>Frei<\/td><\/tr><tr><td>Elektrizit\u00e4t 10A<\/td><td>Kostenlos<\/td><\/tr><tr><td>Trinkwasser<\/td><td>Kostenlos<\/td><\/tr><tr><td>Benutzung der Duschen und sanit\u00e4ren Anlagen<\/td><td>Kostenlos<\/td><\/tr><tr><td>Haustiere<\/td><td>Frei<\/td><\/tr><tr><td>Wifi<\/td><td>Kostenlos<\/td><\/tr><\/tbody><\/table>\t\t\t\t\t\t\t\t<\/div>\n\t\t\t\t<\/div>\n\t\t\t\t\t<\/div>\n\t\t\t\t<\/div>\n\t\t<div class=\"elementor-element elementor-element-fb3f762 e-flex e-con-boxed e-con e-parent\" data-id=\"fb3f762\" data-element_type=\"container\" data-e-type=\"container\">\n\t\t\t\t\t<div class=\"e-con-inner\">\n\t\t<div data-dce-background-image-url=\"https:\/\/camperplaatswillemsoord.nl\/wp-content\/uploads\/2023\/10\/Camperplaats-Willemsoord-Achtergrond-Sectie-2.png\" class=\"elementor-element elementor-element-0c6a656 e-flex e-con-boxed e-con e-child\" data-id=\"0c6a656\" data-element_type=\"container\" data-e-type=\"container\" data-settings=\"{&quot;background_background&quot;:&quot;classic&quot;}\">\n\t\t\t\t\t<div class=\"e-con-inner\">\n\t\t<div class=\"elementor-element elementor-element-1f879ac e-con-full e-flex e-con e-child\" data-id=\"1f879ac\" data-element_type=\"container\" data-e-type=\"container\">\n\t\t\t\t<div class=\"elementor-element elementor-element-584535d elementor-widget elementor-widget-heading\" data-id=\"584535d\" data-element_type=\"widget\" data-e-type=\"widget\" data-widget_type=\"heading.default\">\n\t\t\t\t<div class=\"elementor-widget-container\">\n\t\t\t\t\t<h2 class=\"elementor-heading-title elementor-size-default\">Langfristiger Aufenthalt auf dem Wohnmobilstellplatz Willemsoord ?<\/h2>\t\t\t\t<\/div>\n\t\t\t\t<\/div>\n\t\t\t\t<\/div>\n\t\t\t\t<div class=\"elementor-element elementor-element-ec2866d elementor-widget elementor-widget-text-editor\" data-id=\"ec2866d\" data-element_type=\"widget\" data-e-type=\"widget\" data-widget_type=\"text-editor.default\">\n\t\t\t\t<div class=\"elementor-widget-container\">\n\t\t\t\t\t\t\t\t\t<p>Normalerweise nehmen wir keine Reservierungen entgegen, aber wir verstehen, dass l\u00e4ngere Aufenthalte manchmal etwas mehr Planung erfordern.<\/p><p>Sind Sie an einem l\u00e4ngeren Erholungsaufenthalt bei uns interessiert? Dann rufen Sie uns an, um detaillierte Informationen, Verf\u00fcgbarkeit und Preise zu erhalten. Nat\u00fcrlich k\u00f6nnen Sie Ihr Interesse auch \u00fcber das Kontaktformular auf dieser Website bekunden.<\/p><p>Wir sind stets bem\u00fcht, Ihren Aufenthalt auf dem Wohnmobilstellplatz Willemsoord so angenehm wie m\u00f6glich zu gestalten!<\/p>\t\t\t\t\t\t\t\t<\/div>\n\t\t\t\t<\/div>\n\t\t<div class=\"elementor-element elementor-element-0b07f51 e-con-full e-flex e-con e-child\" data-id=\"0b07f51\" data-element_type=\"container\" data-e-type=\"container\">\n\t\t\t\t<div class=\"elementor-element elementor-element-d630983 elementor-align-right elementor-tablet_extra-align-center elementor-tablet-align-center elementor-mobile-align-center elementor-widget elementor-widget-button\" data-id=\"d630983\" data-element_type=\"widget\" data-e-type=\"widget\" data-widget_type=\"button.default\">\n\t\t\t\t<div class=\"elementor-widget-container\">\n\t\t\t\t\t\t\t\t\t<div class=\"elementor-button-wrapper\">\n\t\t\t\t\t<a class=\"elementor-button elementor-button-link elementor-size-xl elementor-animation-float\" href=\"tel:+31642245424\">\n\t\t\t\t\t\t<span class=\"elementor-button-content-wrapper\">\n\t\t\t\t\t\t<span class=\"elementor-button-icon\">\n\t\t\t\t<i aria-hidden=\"true\" class=\"fas fa-phone-alt\"><\/i>\t\t\t<\/span>\n\t\t\t\t\t\t\t\t\t<span class=\"elementor-button-text\">Rufen Sie uns an<\/span>\n\t\t\t\t\t<\/span>\n\t\t\t\t\t<\/a>\n\t\t\t\t<\/div>\n\t\t\t\t\t\t\t\t<\/div>\n\t\t\t\t<\/div>\n\t\t\t\t<div class=\"elementor-element elementor-element-09800ac elementor-align-right elementor-tablet_extra-align-center elementor-tablet-align-center elementor-mobile-align-center elementor-widget elementor-widget-button\" data-id=\"09800ac\" data-element_type=\"widget\" data-e-type=\"widget\" data-widget_type=\"button.default\">\n\t\t\t\t<div class=\"elementor-widget-container\">\n\t\t\t\t\t\t\t\t\t<div class=\"elementor-button-wrapper\">\n\t\t\t\t\t<a class=\"elementor-button elementor-button-link elementor-size-xl elementor-animation-float\" href=\"https:\/\/camperplaatswillemsoord.nl\/de\/kontakt\/\">\n\t\t\t\t\t\t<span class=\"elementor-button-content-wrapper\">\n\t\t\t\t\t\t<span class=\"elementor-button-icon\">\n\t\t\t\t<i aria-hidden=\"true\" class=\"fas fa-pencil-alt\"><\/i>\t\t\t<\/span>\n\t\t\t\t\t\t\t\t\t<span class=\"elementor-button-text\">in Kontakt treten<\/span>\n\t\t\t\t\t<\/span>\n\t\t\t\t\t<\/a>\n\t\t\t\t<\/div>\n\t\t\t\t\t\t\t\t<\/div>\n\t\t\t\t<\/div>\n\t\t\t\t<\/div>\n\t\t\t\t\t<\/div>\n\t\t\t\t<\/div>\n\t\t\t\t\t<\/div>\n\t\t\t\t<\/div>\n\t\t\t\t<\/div>\n\t\t","protected":false},"excerpt":{"rendered":"<p>Unsere Preise Preise Wohnmobilstellplatz Willemsoord Auf dieser Seite finden Sie einen \u00dcberblick \u00fcber unsere Tarife. Wir haben alles transparent gemacht, damit Sie genau wissen, wie hoch die Kosten f\u00fcr Ihren Aufenthalt auf dem Wohnmobilstellplatz Willemsoord sind. So k\u00f6nnen Sie alles, was unser sch\u00f6ner Veranstaltungsort zu bieten hat, ohne \u00dcberraschungen genie\u00dfen. Detaillierte Preisinformationen finden Sie unten. [&hellip;]<\/p>\n","protected":false},"author":1,"featured_media":175,"parent":0,"menu_order":30,"comment_status":"closed","ping_status":"closed","template":"","meta":{"_acf_changed":false,"footnotes":""},"class_list":["post-1151","page","type-page","status-publish","has-post-thumbnail","hentry"],"acf":[],"_links":{"self":[{"href":"https:\/\/camperplaatswillemsoord.nl\/de\/wp-json\/wp\/v2\/pages\/1151","targetHints":{"allow":["GET"]}}],"collection":[{"href":"https:\/\/camperplaatswillemsoord.nl\/de\/wp-json\/wp\/v2\/pages"}],"about":[{"href":"https:\/\/camperplaatswillemsoord.nl\/de\/wp-json\/wp\/v2\/types\/page"}],"author":[{"embeddable":true,"href":"https:\/\/camperplaatswillemsoord.nl\/de\/wp-json\/wp\/v2\/users\/1"}],"replies":[{"embeddable":true,"href":"https:\/\/camperplaatswillemsoord.nl\/de\/wp-json\/wp\/v2\/comments?post=1151"}],"version-history":[{"count":8,"href":"https:\/\/camperplaatswillemsoord.nl\/de\/wp-json\/wp\/v2\/pages\/1151\/revisions"}],"predecessor-version":[{"id":2172,"href":"https:\/\/camperplaatswillemsoord.nl\/de\/wp-json\/wp\/v2\/pages\/1151\/revisions\/2172"}],"wp:featuredmedia":[{"embeddable":true,"href":"https:\/\/camperplaatswillemsoord.nl\/de\/wp-json\/wp\/v2\/media\/175"}],"wp:attachment":[{"href":"https:\/\/camperplaatswillemsoord.nl\/de\/wp-json\/wp\/v2\/media?parent=1151"}],"curies":[{"name":"wp","href":"https:\/\/api.w.org\/{rel}","templated":true}]}}