{"id":1436,"date":"2023-10-22T13:18:58","date_gmt":"2023-10-22T11:18:58","guid":{"rendered":"https:\/\/camperplaatswillemsoord.nl\/haftungsausschluss\/"},"modified":"2023-10-29T12:55:34","modified_gmt":"2023-10-29T11:55:34","slug":"haftungsausschluss","status":"publish","type":"page","link":"https:\/\/camperplaatswillemsoord.nl\/de\/haftungsausschluss\/","title":{"rendered":"Haftungsausschluss"},"content":{"rendered":"\t\t<div data-elementor-type=\"wp-page\" data-elementor-id=\"1436\" class=\"elementor elementor-1436 elementor-36\" data-elementor-post-type=\"page\">\n\t\t\t\t<div class=\"elementor-element elementor-element-f57d1c3 e-con-full e-flex e-con e-parent\" data-id=\"f57d1c3\" data-element_type=\"container\" data-e-type=\"container\" data-settings=\"{&quot;background_background&quot;:&quot;slideshow&quot;,&quot;background_slideshow_gallery&quot;:[{&quot;id&quot;:239,&quot;url&quot;:&quot;https:\\\/\\\/camperplaatswillemsoord.nl\\\/wp-content\\\/uploads\\\/2023\\\/10\\\/Camperplaats-Willemsoord-Weldadig-Kamperen-76.jpg&quot;},{&quot;id&quot;:248,&quot;url&quot;:&quot;https:\\\/\\\/camperplaatswillemsoord.nl\\\/wp-content\\\/uploads\\\/2023\\\/10\\\/Camperplaats-Willemsoord-Weldadig-Kamperen-65.jpg&quot;},{&quot;id&quot;:252,&quot;url&quot;:&quot;https:\\\/\\\/camperplaatswillemsoord.nl\\\/wp-content\\\/uploads\\\/2023\\\/10\\\/Camperplaats-Willemsoord-Weldadig-Kamperen-63.jpg&quot;},{&quot;id&quot;:244,&quot;url&quot;:&quot;https:\\\/\\\/camperplaatswillemsoord.nl\\\/wp-content\\\/uploads\\\/2023\\\/10\\\/Camperplaats-Willemsoord-Weldadig-Kamperen-77.jpg&quot;}],&quot;background_slideshow_loop&quot;:&quot;yes&quot;,&quot;background_slideshow_slide_duration&quot;:5000,&quot;background_slideshow_slide_transition&quot;:&quot;fade&quot;,&quot;background_slideshow_transition_duration&quot;:500}\">\n\t\t\t\t<div class=\"elementor-element elementor-element-fc0795e dce_masking-none elementor-invisible elementor-widget elementor-widget-image\" data-id=\"fc0795e\" data-element_type=\"widget\" data-e-type=\"widget\" data-settings=\"{&quot;_animation&quot;:&quot;rollIn&quot;}\" data-widget_type=\"image.default\">\n\t\t\t\t<div class=\"elementor-widget-container\">\n\t\t\t\t\t\t\t\t\t\t\t\t\t\t\t<img fetchpriority=\"high\" decoding=\"async\" width=\"4500\" height=\"4500\" src=\"https:\/\/camperplaatswillemsoord.nl\/wp-content\/uploads\/2023\/10\/Camperplaats-Willemsoord-Logo_2023-vierkant.png\" class=\"attachment-full size-full wp-image-172\" alt=\"Wohnmobilstellplatz Willemsoord Logo 2023 Platz\" srcset=\"https:\/\/camperplaatswillemsoord.nl\/wp-content\/uploads\/2023\/10\/Camperplaats-Willemsoord-Logo_2023-vierkant.png 4500w, https:\/\/camperplaatswillemsoord.nl\/wp-content\/uploads\/2023\/10\/Camperplaats-Willemsoord-Logo_2023-vierkant-300x300.png 300w, https:\/\/camperplaatswillemsoord.nl\/wp-content\/uploads\/2023\/10\/Camperplaats-Willemsoord-Logo_2023-vierkant-1024x1024.png 1024w, https:\/\/camperplaatswillemsoord.nl\/wp-content\/uploads\/2023\/10\/Camperplaats-Willemsoord-Logo_2023-vierkant-150x150.png 150w, https:\/\/camperplaatswillemsoord.nl\/wp-content\/uploads\/2023\/10\/Camperplaats-Willemsoord-Logo_2023-vierkant-768x768.png 768w, https:\/\/camperplaatswillemsoord.nl\/wp-content\/uploads\/2023\/10\/Camperplaats-Willemsoord-Logo_2023-vierkant-1536x1536.png 1536w, https:\/\/camperplaatswillemsoord.nl\/wp-content\/uploads\/2023\/10\/Camperplaats-Willemsoord-Logo_2023-vierkant-2048x2048.png 2048w\" sizes=\"(max-width: 4500px) 100vw, 4500px\" \/>\t\t\t\t\t\t\t\t\t\t\t\t\t\t\t<\/div>\n\t\t\t\t<\/div>\n\t\t\t\t<div class=\"elementor-element elementor-element-ea068a7 elementor-invisible elementor-widget elementor-widget-heading\" data-id=\"ea068a7\" data-element_type=\"widget\" data-e-type=\"widget\" data-settings=\"{&quot;_animation&quot;:&quot;fadeInRight&quot;}\" data-widget_type=\"heading.default\">\n\t\t\t\t<div class=\"elementor-widget-container\">\n\t\t\t\t\t<h2 class=\"elementor-heading-title elementor-size-default\">Haftungsausschluss<\/h2>\t\t\t\t<\/div>\n\t\t\t\t<\/div>\n\t\t\t\t<\/div>\n\t\t<div data-dce-background-image-url=\"https:\/\/camperplaatswillemsoord.nl\/wp-content\/uploads\/2023\/10\/Camperplaats-Willemsoord-Achtergrond-Camper-22x.png\" class=\"elementor-element elementor-element-9f6c25b e-flex e-con-boxed e-con e-parent\" data-id=\"9f6c25b\" data-element_type=\"container\" data-e-type=\"container\" data-settings=\"{&quot;background_background&quot;:&quot;classic&quot;}\">\n\t\t\t\t\t<div class=\"e-con-inner\">\n\t\t\t\t<div class=\"elementor-element elementor-element-e491dc7 elementor-widget elementor-widget-heading\" data-id=\"e491dc7\" data-element_type=\"widget\" data-e-type=\"widget\" data-widget_type=\"heading.default\">\n\t\t\t\t<div class=\"elementor-widget-container\">\n\t\t\t\t\t<h2 class=\"elementor-heading-title elementor-size-default\">Haftungsausschluss Wohnmobilstellplatz Willemsoord<\/h2>\t\t\t\t<\/div>\n\t\t\t\t<\/div>\n\t\t\t\t<div class=\"elementor-element elementor-element-1f472e3 elementor-widget elementor-widget-text-editor\" data-id=\"1f472e3\" data-element_type=\"widget\" data-e-type=\"widget\" data-widget_type=\"text-editor.default\">\n\t\t\t\t<div class=\"elementor-widget-container\">\n\t\t\t\t\t\t\t\t\t<p>Die Nutzung dieser Website (https:\/\/camperplaatswillemsoord.nl) unterliegt den folgenden Nutzungsbedingungen. Durch die Nutzung dieser Website wird davon ausgegangen, dass Sie die Nutzungsbedingungen gelesen und akzeptiert haben.<\/p>\n<h5><strong>Verwendung von Informationen<\/strong><\/h5>\n<p>Der Wohnmobilstellplatz Willemsoord bem\u00fcht sich, auf dieser Website stets korrekte und aktuelle Informationen bereitzustellen. Obwohl diese Informationen mit gr\u00f6\u00dftm\u00f6glicher Sorgfalt zusammengestellt wurden, \u00fcbernimmt der Wohnmobilstellplatz Willemsoord keine Garantie f\u00fcr die Vollst\u00e4ndigkeit, Richtigkeit und Aktualit\u00e4t der Informationen. Die rechtlichen Informationen auf der Website sind allgemeiner Natur und k\u00f6nnen nicht als Ersatz f\u00fcr eine Rechtsberatung angesehen werden.<\/p>\n<p>Aus den Informationen k\u00f6nnen keine Rechte abgeleitet werden. Der Wohnmobilstellplatz Willemsoord \u00fcbernimmt keine Haftung f\u00fcr Sch\u00e4den, die sich aus der Nutzung der Informationen oder der Website ergeben, und auch nicht f\u00fcr das Nichtfunktionieren der Website.<br \/>Auf der Grundlage des Versendens und Empfangens von Informationen \u00fcber die Website oder per E-Mail kann nicht ohne Weiteres eine Beziehung zwischen dem Wohnmobilstellplatz Willemsoord und dem Nutzer der Website hergestellt werden.<\/p>\n<h5><strong>E-mail<\/strong><\/h5>\n<p>Wohnmobilstellplatz Willemsoord garantiert nicht, dass an Wohnmobilstellplatz Willemsoord gesendete E-Mails empfangen oder (rechtzeitig) bearbeitet werden, da der rechtzeitige Empfang von E-Mails nicht garantiert werden kann. Auch die Sicherheit des E-Mail-Verkehrs kann aufgrund der damit verbundenen Sicherheitsrisiken nicht vollst\u00e4ndig gew\u00e4hrleistet werden. Indem Sie mit Wohnmobilstellplatz Willemsoordper E-Mail ohne Verschl\u00fcsselung oder Passwortschutz korrespondieren, akzeptieren Sie dieses Risiko.<\/p>\n<h5><strong>Hyperlinks<\/strong><\/h5>\n<p>Diese Website kann Hyperlinks zu Websites Dritter enthalten. Der Wohnmobilstellplatz Willemsoord hat keinen Einfluss auf die Websites Dritter und ist nicht verantwortlich f\u00fcr deren Verf\u00fcgbarkeit oder Inhalt. Der Wohnmobilstellplatz Willemsoord \u00fcbernimmt keine Haftung f\u00fcr Sch\u00e4den, die durch die Nutzung von Websites Dritter entstehen.<\/p>\n<h5><strong>Rechte an geistigem Eigentum<\/strong><\/h5>\n<p>Alle Ver\u00f6ffentlichungen und \u00c4u\u00dferungen des Wohnmobilstellplatz Willemsoord sind durch das Urheberrecht und andere geistige Eigentumsrechte gesch\u00fctzt. Au\u00dfer f\u00fcr den pers\u00f6nlichen und nicht kommerziellen Gebrauch darf kein Teil dieser Ver\u00f6ffentlichungen und \u00c4u\u00dferungen ohne vorherige schriftliche Zustimmung des Wohnmobilstellplatz Willemsoord in irgendeiner Weise reproduziert, kopiert oder ver\u00f6ffentlicht werden. <\/p>\n\t\t\t\t\t\t\t\t<\/div>\n\t\t\t\t<\/div>\n\t\t\t\t<div class=\"elementor-element elementor-element-f921486 elementor-widget elementor-widget-text-editor\" data-id=\"f921486\" data-element_type=\"widget\" data-e-type=\"widget\" data-widget_type=\"text-editor.default\">\n\t\t\t\t<div class=\"elementor-widget-container\">\n\t\t\t\t\t\t\t\t\tVersion: April 2026\t\t\t\t\t\t\t\t<\/div>\n\t\t\t\t<\/div>\n\t\t\t\t\t<\/div>\n\t\t\t\t<\/div>\n\t\t\t\t<\/div>\n\t\t","protected":false},"excerpt":{"rendered":"<p>Haftungsausschluss Haftungsausschluss Wohnmobilstellplatz Willemsoord Die Nutzung dieser Website (https:\/\/camperplaatswillemsoord.nl) unterliegt den folgenden Nutzungsbedingungen. Durch die Nutzung dieser Website wird davon ausgegangen, dass Sie die Nutzungsbedingungen gelesen und akzeptiert haben. Verwendung von Informationen Der Wohnmobilstellplatz Willemsoord bem\u00fcht sich, auf dieser Website stets korrekte und aktuelle Informationen bereitzustellen. Obwohl diese Informationen mit gr\u00f6\u00dftm\u00f6glicher Sorgfalt zusammengestellt wurden, \u00fcbernimmt [&hellip;]<\/p>\n","protected":false},"author":1,"featured_media":175,"parent":0,"menu_order":92,"comment_status":"closed","ping_status":"closed","template":"","meta":{"_acf_changed":false,"footnotes":""},"class_list":["post-1436","page","type-page","status-publish","has-post-thumbnail","hentry"],"acf":[],"_links":{"self":[{"href":"https:\/\/camperplaatswillemsoord.nl\/de\/wp-json\/wp\/v2\/pages\/1436","targetHints":{"allow":["GET"]}}],"collection":[{"href":"https:\/\/camperplaatswillemsoord.nl\/de\/wp-json\/wp\/v2\/pages"}],"about":[{"href":"https:\/\/camperplaatswillemsoord.nl\/de\/wp-json\/wp\/v2\/types\/page"}],"author":[{"embeddable":true,"href":"https:\/\/camperplaatswillemsoord.nl\/de\/wp-json\/wp\/v2\/users\/1"}],"replies":[{"embeddable":true,"href":"https:\/\/camperplaatswillemsoord.nl\/de\/wp-json\/wp\/v2\/comments?post=1436"}],"version-history":[{"count":1,"href":"https:\/\/camperplaatswillemsoord.nl\/de\/wp-json\/wp\/v2\/pages\/1436\/revisions"}],"predecessor-version":[{"id":1437,"href":"https:\/\/camperplaatswillemsoord.nl\/de\/wp-json\/wp\/v2\/pages\/1436\/revisions\/1437"}],"wp:featuredmedia":[{"embeddable":true,"href":"https:\/\/camperplaatswillemsoord.nl\/de\/wp-json\/wp\/v2\/media\/175"}],"wp:attachment":[{"href":"https:\/\/camperplaatswillemsoord.nl\/de\/wp-json\/wp\/v2\/media?parent=1436"}],"curies":[{"name":"wp","href":"https:\/\/api.w.org\/{rel}","templated":true}]}}