{"id":1452,"date":"2023-10-22T13:19:26","date_gmt":"2023-10-22T11:19:26","guid":{"rendered":"https:\/\/camperplaatswillemsoord.nl\/erklaerung-zum-datenschutz\/"},"modified":"2023-10-29T14:24:31","modified_gmt":"2023-10-29T13:24:31","slug":"erklaerung-zum-datenschutz","status":"publish","type":"page","link":"https:\/\/camperplaatswillemsoord.nl\/de\/erklaerung-zum-datenschutz\/","title":{"rendered":"Erkl\u00e4rung zum Datenschutz"},"content":{"rendered":"\t\t<div data-elementor-type=\"wp-page\" data-elementor-id=\"1452\" class=\"elementor elementor-1452 elementor-38\" data-elementor-post-type=\"page\">\n\t\t\t\t<div class=\"elementor-element elementor-element-ec1f29c e-con-full e-flex e-con e-parent\" data-id=\"ec1f29c\" data-element_type=\"container\" data-e-type=\"container\" data-settings=\"{&quot;background_background&quot;:&quot;slideshow&quot;,&quot;background_slideshow_gallery&quot;:[{&quot;id&quot;:239,&quot;url&quot;:&quot;https:\\\/\\\/camperplaatswillemsoord.nl\\\/wp-content\\\/uploads\\\/2023\\\/10\\\/Camperplaats-Willemsoord-Weldadig-Kamperen-76.jpg&quot;},{&quot;id&quot;:248,&quot;url&quot;:&quot;https:\\\/\\\/camperplaatswillemsoord.nl\\\/wp-content\\\/uploads\\\/2023\\\/10\\\/Camperplaats-Willemsoord-Weldadig-Kamperen-65.jpg&quot;},{&quot;id&quot;:252,&quot;url&quot;:&quot;https:\\\/\\\/camperplaatswillemsoord.nl\\\/wp-content\\\/uploads\\\/2023\\\/10\\\/Camperplaats-Willemsoord-Weldadig-Kamperen-63.jpg&quot;},{&quot;id&quot;:244,&quot;url&quot;:&quot;https:\\\/\\\/camperplaatswillemsoord.nl\\\/wp-content\\\/uploads\\\/2023\\\/10\\\/Camperplaats-Willemsoord-Weldadig-Kamperen-77.jpg&quot;}],&quot;background_slideshow_loop&quot;:&quot;yes&quot;,&quot;background_slideshow_slide_duration&quot;:5000,&quot;background_slideshow_slide_transition&quot;:&quot;fade&quot;,&quot;background_slideshow_transition_duration&quot;:500}\">\n\t\t\t\t<div class=\"elementor-element elementor-element-9edd7bf dce_masking-none elementor-invisible elementor-widget elementor-widget-image\" data-id=\"9edd7bf\" data-element_type=\"widget\" data-e-type=\"widget\" data-settings=\"{&quot;_animation&quot;:&quot;rollIn&quot;}\" data-widget_type=\"image.default\">\n\t\t\t\t<div class=\"elementor-widget-container\">\n\t\t\t\t\t\t\t\t\t\t\t\t\t\t\t<img fetchpriority=\"high\" decoding=\"async\" width=\"4500\" height=\"4500\" src=\"https:\/\/camperplaatswillemsoord.nl\/wp-content\/uploads\/2023\/10\/Camperplaats-Willemsoord-Logo_2023-vierkant.png\" class=\"attachment-full size-full wp-image-172\" alt=\"Wohnmobilstellplatz Willemsoord Logo 2023 Platz\" srcset=\"https:\/\/camperplaatswillemsoord.nl\/wp-content\/uploads\/2023\/10\/Camperplaats-Willemsoord-Logo_2023-vierkant.png 4500w, https:\/\/camperplaatswillemsoord.nl\/wp-content\/uploads\/2023\/10\/Camperplaats-Willemsoord-Logo_2023-vierkant-300x300.png 300w, https:\/\/camperplaatswillemsoord.nl\/wp-content\/uploads\/2023\/10\/Camperplaats-Willemsoord-Logo_2023-vierkant-1024x1024.png 1024w, https:\/\/camperplaatswillemsoord.nl\/wp-content\/uploads\/2023\/10\/Camperplaats-Willemsoord-Logo_2023-vierkant-150x150.png 150w, https:\/\/camperplaatswillemsoord.nl\/wp-content\/uploads\/2023\/10\/Camperplaats-Willemsoord-Logo_2023-vierkant-768x768.png 768w, https:\/\/camperplaatswillemsoord.nl\/wp-content\/uploads\/2023\/10\/Camperplaats-Willemsoord-Logo_2023-vierkant-1536x1536.png 1536w, https:\/\/camperplaatswillemsoord.nl\/wp-content\/uploads\/2023\/10\/Camperplaats-Willemsoord-Logo_2023-vierkant-2048x2048.png 2048w\" sizes=\"(max-width: 4500px) 100vw, 4500px\" \/>\t\t\t\t\t\t\t\t\t\t\t\t\t\t\t<\/div>\n\t\t\t\t<\/div>\n\t\t\t\t<div class=\"elementor-element elementor-element-150e893 elementor-invisible elementor-widget elementor-widget-heading\" data-id=\"150e893\" data-element_type=\"widget\" data-e-type=\"widget\" data-settings=\"{&quot;_animation&quot;:&quot;fadeInRight&quot;}\" data-widget_type=\"heading.default\">\n\t\t\t\t<div class=\"elementor-widget-container\">\n\t\t\t\t\t<h2 class=\"elementor-heading-title elementor-size-default\">Erkl\u00e4rung zum Datenschutz<\/h2>\t\t\t\t<\/div>\n\t\t\t\t<\/div>\n\t\t\t\t<\/div>\n\t\t<div data-dce-background-image-url=\"https:\/\/camperplaatswillemsoord.nl\/wp-content\/uploads\/2023\/10\/Camperplaats-Willemsoord-Achtergrond-Camper-22x.png\" class=\"elementor-element elementor-element-c028f81 e-flex e-con-boxed e-con e-parent\" data-id=\"c028f81\" data-element_type=\"container\" data-e-type=\"container\" data-settings=\"{&quot;background_background&quot;:&quot;classic&quot;}\">\n\t\t\t\t\t<div class=\"e-con-inner\">\n\t\t\t\t<div class=\"elementor-element elementor-element-0176276 elementor-widget elementor-widget-heading\" data-id=\"0176276\" data-element_type=\"widget\" data-e-type=\"widget\" data-widget_type=\"heading.default\">\n\t\t\t\t<div class=\"elementor-widget-container\">\n\t\t\t\t\t<h2 class=\"elementor-heading-title elementor-size-default\">Erkl\u00e4rung zum Datenschutz Wohnmobilstellplatz Willemsoord<\/h2>\t\t\t\t<\/div>\n\t\t\t\t<\/div>\n\t\t\t\t<div class=\"elementor-element elementor-element-399b9d4 elementor-widget elementor-widget-text-editor\" data-id=\"399b9d4\" data-element_type=\"widget\" data-e-type=\"widget\" data-widget_type=\"text-editor.default\">\n\t\t\t\t<div class=\"elementor-widget-container\">\n\t\t\t\t\t\t\t\t\t<p>Sobald Sie unsere Website https:\/\/camperplaatswillemsoord.nl besuchen oder uns kontaktieren, erhalten wir Informationen \u00fcber Sie. In dieser Datenschutzerkl\u00e4rung erkl\u00e4ren wir, was wir mit diesen Informationen tun. ir behandeln Ihre Daten stets mit Sorgfalt und bewahren sie sicher auf. Wenn Sie Fragen haben oder wissen m\u00f6chten, welche Informationen wir \u00fcber Sie haben, wenden Sie sich bitte an uns. Wir k\u00f6nnen diese Datenschutzerkl\u00e4rung bei Bedarf \u00e4ndern. Wir empfehlen Ihnen, diese Datenschutzerkl\u00e4rung regelm\u00e4\u00dfig zu lesen, damit Sie sich \u00fcber diese \u00c4nderungen informieren k\u00f6nnen.<\/p>\n<h5>Wann wenden Sie diese Datenschutzerkl\u00e4rung an?<\/h5>\n<p>Diese Datenschutzerkl\u00e4rung gilt f\u00fcr alle personenbezogenen Daten, die wir verarbeiten, und f\u00fcr alle mit uns verbundenen Domains. Dies betrifft die personenbezogenen Daten aller Personen, die jemals mit uns in Kontakt standen oder unsere Website besucht haben, wie Besucher, Kunden und Gesch\u00e4ftskontakte. Personenbezogene Daten sind alle Daten, die auf Sie als Person zur\u00fcckgef\u00fchrt werden k\u00f6nnen, wie z. B. Ihr Name, Ihre Telefonnummer, Ihre IP-Adresse, Ihre Kundennummer oder Ihr Surfverhalten. Wenn Sie mehr \u00fcber personenbezogene Daten erfahren m\u00f6chten, besuchen Sie bitte die Website der niederl\u00e4ndischen Datenschutzbeh\u00f6rde.<\/p>\n<h5>Wer nutzt Ihre Daten?<\/h5>\n<p>Camperplaats Willemsoord ist verantwortlich f\u00fcr die Website https:\/\/camperplaatswillemsoord.nl und daher die verantwortliche Organisation f\u00fcr die Verwendung Ihrer pers\u00f6nlichen Daten, wie in dieser Datenschutzerkl\u00e4rung beschrieben. Die vollst\u00e4ndigen Angaben sind:<\/p>\n<p>Wohnmobilstellplatz Willemsoord<br \/>Paasloregel 60<br \/>8338 SX Willemsoord<\/p>\n<h5>Wessen Daten verwenden wir?<\/h5>\n<p>Wir verarbeiten personenbezogene Daten aller Personen, die mit uns in Kontakt getreten sind oder unsere Website besucht haben. Dazu geh\u00f6ren Besucher, Privatkunden, Gesch\u00e4ftskunden und Kontaktpersonen unserer Partner.<\/p>\n<h5>Wie kommen wir an Ihre Daten?<\/h5>\n<p>Wir erhalten die Daten direkt von Ihnen, sobald Sie:<\/p>\n<ul>\n<li>Unsere Website besuchen<\/li>\n<li>Daten auf unserer Website ausf\u00fcllen<\/li>\n<li>Uns per Post, Telefon oder auf anderem Wege zu kontaktieren<\/li>\n<\/ul>\n<h5>Welche Daten von Ihnen verwenden wir?<\/h5>\n<p>Wir verwenden die folgenden Daten:<\/p>\n<ul>\n<li>Name<\/li>\n<li>Anschrift oder Gesch\u00e4ftsadresse<\/li>\n<li>E-Mail-Adresse<\/li>\n<li>Rufnummer<\/li>\n<li>Fotos<\/li>\n<\/ul>\n<h5>Wof\u00fcr verwenden wir Ihre Daten?<\/h5>\n<p>Wir verwenden Ihre personenbezogenen Daten nur f\u00fcr den Zweck, f\u00fcr den wir sie verwenden d\u00fcrfen:<\/p>\n<ul>\n<li>Wir Ihre Zustimmung zur Verwendung Ihrer personenbezogenen Daten erhalten haben<\/li>\n<li>Wir verwenden Ihre Daten, weil wir Ihnen als Kunden den besten Service bieten wollen und wir auf diese Informationen verzichten k\u00f6nnen<\/li>\n<\/ul>\n<h5>Wie lange bewahren wir Ihre Daten auf?<\/h5>\n<p>Wir bewahren Ihre personenbezogenen Daten so lange auf, wie wir gesetzlich dazu verpflichtet sind und so lange, wie es f\u00fcr den Zweck, f\u00fcr den wir Ihre Daten verwenden, erforderlich ist. Solange Sie beispielsweise Kunde bei uns sind, speichern wir Ihre Daten gem\u00e4\u00df der gesetzlichen Aufbewahrungsfrist von sieben Jahren. Danach bewahren wir Ihre Daten nur noch zu statistischen Zwecken und zur Bearbeitung von Beschwerden oder Rechtsangelegenheiten auf. Wenn Sie mehr dar\u00fcber wissen m\u00f6chten, wie lange wir bestimmte Daten \u00fcber Sie speichern, wenden Sie sich bitte an uns.<\/p>\n<h5>Mit wem teilen wir Ihre Daten?<\/h5>\n<p>Wir verarbeiten Ihre personenbezogenen Daten nur selbst. Wir geben Ihre personenbezogenen Daten nicht an Dritte weiter.<\/p>\n<h5>Wo speichern wir Ihre Daten?<\/h5>\n<p>Wir verarbeiten Ihre Daten innerhalb des Europ\u00e4ischen Wirtschaftsraums. Das bedeutet, dass wir Ihre Daten auch innerhalb des EWR speichern. Wenn Sie Fragen dazu haben, k\u00f6nnen Sie sich gerne an uns wenden.<\/p>\n<h5>Wie sicher sind Ihre Daten bei uns?<\/h5>\n<p>Wir haben viel getan, um Ihre Daten so gut wie m\u00f6glich zu sch\u00fctzen, sowohl organisatorisch als auch technisch. Wir haben unsere Systeme und verschiedene Kommunikationsmittel so gesichert, dass Ihre Daten nicht in fremde H\u00e4nde gelangen k\u00f6nnen. Ihre Daten sind also bei uns sicher. Wir sorgen auch daf\u00fcr, dass Ihre Daten nur von Personen verwendet werden, die von uns dazu erm\u00e4chtigt wurden. Wenn Sie Fragen zu den einzelnen Sicherungsmethoden haben, wenden Sie sich bitte an uns.<\/p>\n<h5>Welche Rechte haben Sie?<\/h5>\n<p>Da wir Ihre personenbezogenen Daten verwenden, haben Sie verschiedene Rechte. Wir haben diese Rechte im Folgenden f\u00fcr Sie aufgelistet.<\/p>\n<h6 style=\"padding-left: 40px;\">Recht auf Information<\/h6>\n<p style=\"padding-left: 40px;\">Wir m\u00fcssen Ihnen auf verst\u00e4ndliche und klare Weise erkl\u00e4ren, was wir mit Ihren Daten machen und welche Kontrolle Sie dar\u00fcber haben. Deshalb erl\u00e4utern wir in dieser Datenschutzerkl\u00e4rung ausf\u00fchrlich, welche Daten wir von Ihnen erheben und wie wir mit Ihren Daten umgehen.<\/p>\n<h6 style=\"padding-left: 40px;\">Recht auf Einsichtnahme<\/h6>\n<p style=\"padding-left: 40px;\">Sie k\u00f6nnen jederzeit Einsicht in die von uns \u00fcber Sie gespeicherten Daten verlangen.<\/p>\n<h6 style=\"padding-left: 40px;\">Recht auf Berichtigung<\/h6>\n<p style=\"padding-left: 40px;\">Sie k\u00f6nnen uns auffordern, Ihre Daten zu berichtigen, wenn sie unrichtig oder unvollst\u00e4ndig sind.<\/p>\n<h6 style=\"padding-left: 40px;\">Recht auf Widerspruch<\/h6>\n<p style=\"padding-left: 40px;\">Sie k\u00f6nnen der Verarbeitung Ihrer Daten widersprechen, wenn Sie mit der Art und Weise, wie wir Ihre personenbezogenen Daten verarbeiten, nicht einverstanden sind. Dieses Recht gilt f\u00fcr die Daten, die wir f\u00fcr Direktmarketing verwenden. Sie k\u00f6nnen uns mitteilen, dass Sie keine E-Mails mehr von uns erhalten m\u00f6chten. Dies gilt auch f\u00fcr personalisierte Empfehlungen auf unserer Website.<\/p>\n<h6 style=\"padding-left: 40px;\">Recht auf Daten\u00fcbertragbarkeit<\/h6>\n<p style=\"padding-left: 40px;\">Wenn Sie Kunde bei uns sind oder der Verwendung Ihrer Daten zugestimmt haben, k\u00f6nnen Sie uns bitten, Ihnen die digitalen Daten, die wir \u00fcber Sie gespeichert haben, zuzusenden. Auf diese Weise k\u00f6nnen Sie diese Daten auf Wunsch an eine andere Organisation \u00fcbertragen.<\/p>\n<h6 style=\"padding-left: 40px;\">Recht auf Einschr\u00e4nkung<\/h6>\n<p style=\"padding-left: 40px;\">Sie k\u00f6nnen verlangen, dass die Verwendung Ihrer Daten eingeschr\u00e4nkt wird. Das bedeutet, dass wir in bestimmten F\u00e4llen Ihre Daten nur speichern, aber nicht verwenden d\u00fcrfen.<\/p>\n<h6 style=\"padding-left: 40px;\">Recht auf Vergessenwerden<\/h6>\n<p style=\"padding-left: 40px;\">Sie k\u00f6nnen uns auffordern, alle Daten, die wir \u00fcber Sie haben, zu l\u00f6schen. Wir werden dann alle Daten l\u00f6schen, die zu Ihnen zur\u00fcckverfolgt werden k\u00f6nnen. In manchen F\u00e4llen k\u00f6nnen oder d\u00fcrfen wir Ihre Daten noch nicht l\u00f6schen. Zum Beispiel m\u00fcssen wir einige Daten f\u00fcr die Steuerbeh\u00f6rden 7 Jahre lang aufbewahren.<\/p>\n<h6 style=\"padding-left: 40px;\">Recht auf Einreichung einer Beschwerde<\/h6>\n<p style=\"padding-left: 40px;\">Sie k\u00f6nnen sich \u00fcber die Art und Weise beschweren, in der wir Ihre Daten verarbeiten. Wenn Sie eine Beschwerde haben, werden wir sie gerne f\u00fcr Sie l\u00f6sen. . Wenden Sie sich dazu bitte an unseren Datenschutzbeauftragten. Sie k\u00f6nnen Ihre Beschwerde auch bei der niederl\u00e4ndischen Datenschutzbeh\u00f6rde einreichen. Wir hoffen nat\u00fcrlich, dass es nicht so weit kommt, aber wenn es n\u00f6tig ist, k\u00f6nnen Sie auch vor Gericht gehen. In diesem Fall ist das Gericht am Gesch\u00e4ftssitz des Camperplaats Willemsoord f\u00fcr Ihre Beschwerde zust\u00e4ndig.<\/p>\n<h6 style=\"padding-left: 40px;\">Wie kann ich einen Antrag oder eine Beschwerde einreichen?<\/h6>\n<p style=\"padding-left: 40px;\">Sie k\u00f6nnen Ihre Anfrage oder Beschwerde an unseren Datenschutzbeauftragten richten, indem Sie eine E-Mail an info@camperplaatswillemsoord.nl senden. Wir bearbeiten jeden Antrag oder jede Beschwerde innerhalb von 30 Tagen. Wenn Sie mehrere Antr\u00e4ge oder Beschwerden einreichen oder wenn Sie eine komplexe Anfrage oder Beschwerde einreichen, kann dies mehr Zeit in Anspruch nehmen. In diesem Fall werden wir uns sp\u00e4testens nach 60 Tagen mit Ihnen in Verbindung setzen. Wir k\u00f6nnen Sie auffordern, sich zu identifizieren. In diesem Fall werden wir Sie bitten, bestimmte Informationen zu \u00fcbermitteln, um sicherzustellen, dass Sie die richtige Person sind, deren personenbezogene Daten betroffen sind.<\/p>\n<h5>Welche Regeln gelten f\u00fcr diese Datenschutzerkl\u00e4rung?<\/h5>\n<p>Unsere Datenschutzerkl\u00e4rung muss mehrere Bedingungen erf\u00fcllen. Diese Bedingungen sind insbesondere in der niederl\u00e4ndischen Allgemeinen Datenschutzverordnung zu finden. Dar\u00fcber hinaus gelten f\u00fcr unsere Datenschutzerkl\u00e4rung die allgemeinen Regeln, die nach niederl\u00e4ndischem Recht gelten.<\/p>\n<h5>Welche Cookies verwenden wir?<\/h5>\n<p>Sie k\u00f6nnen selbst angeben, welche Daten wir von Ihnen verwenden d\u00fcrfen. Wenn Sie uns die Erlaubnis erteilt haben, Ihr Profil auf der Grundlage Ihres Surf- und Suchverhaltens zu personalisieren, k\u00f6nnen wir unsere Website speziell f\u00fcr Sie einrichten, damit die Nutzung einfacher und pers\u00f6nlicher wird. Dazu verwenden wir Cookies. Ein Cookie ist eine kleine Textdatei, die auf Ihrer Hardware abgelegt wird, wenn Sie unsere Website besuchen.<br \/>Wir verwenden die folgenden Arten von Cookies auf unserer Website:<\/p>\n<ul>\n<li>Funktionale Cookies: wie Sitzungs- und Anmeldecookies zur Erfassung von Sitzungs- und Anmeldeinformationen<\/li>\n<\/ul>\n<h5>Was machen wir mit den Daten von Minderj\u00e4hrigen?<\/h5>\n<p>Wir richten uns mit unserer Website oder als Organisation nicht an Minderj\u00e4hrige. Das bedeutet, dass Sie, wenn Sie unter 18 Jahre alt sind, die Erlaubnis eines Elternteils oder Erziehungsberechtigten ben\u00f6tigen, um unsere Website zu nutzen. Wenn Sie minderj\u00e4hrig sind und unsere Website oder unseren Webshop besuchen, gehen wir davon aus, dass Sie diese Erlaubnis vor Ihrem Besuch erhalten haben.<\/p>\n<h5>Haben Sie eine Frage zu dieser Datenschutzrichtlinie?<\/h5>\n<p>Wenn Sie Fragen zu unserer Datenschutzpolitik haben, k\u00f6nnen Sie uns gerne unter <a href=\"mailto:info@camperplaatswillemsoord.nl\" target=\"_blank\" rel=\"noopener\">info@camperplaatswillemsoord.nl<\/a> kontaktieren. Wir helfen Ihnen gerne weiter.<\/p>\n\t\t\t\t\t\t\t\t<\/div>\n\t\t\t\t<\/div>\n\t\t\t\t<div class=\"elementor-element elementor-element-0bd5867 elementor-widget elementor-widget-text-editor\" data-id=\"0bd5867\" data-element_type=\"widget\" data-e-type=\"widget\" data-widget_type=\"text-editor.default\">\n\t\t\t\t<div class=\"elementor-widget-container\">\n\t\t\t\t\t\t\t\t\tDiese Datenschutzerkl\u00e4rung wurde zuletzt ge\u00e4ndert: April 2026\t\t\t\t\t\t\t\t<\/div>\n\t\t\t\t<\/div>\n\t\t\t\t\t<\/div>\n\t\t\t\t<\/div>\n\t\t\t\t<\/div>\n\t\t","protected":false},"excerpt":{"rendered":"<p>Erkl\u00e4rung zum Datenschutz Erkl\u00e4rung zum Datenschutz Wohnmobilstellplatz Willemsoord Sobald Sie unsere Website https:\/\/camperplaatswillemsoord.nl besuchen oder uns kontaktieren, erhalten wir Informationen \u00fcber Sie. In dieser Datenschutzerkl\u00e4rung erkl\u00e4ren wir, was wir mit diesen Informationen tun. ir behandeln Ihre Daten stets mit Sorgfalt und bewahren sie sicher auf. Wenn Sie Fragen haben oder wissen m\u00f6chten, welche Informationen wir [&hellip;]<\/p>\n","protected":false},"author":1,"featured_media":0,"parent":0,"menu_order":93,"comment_status":"closed","ping_status":"closed","template":"","meta":{"_acf_changed":false,"footnotes":""},"class_list":["post-1452","page","type-page","status-publish","hentry"],"acf":[],"_links":{"self":[{"href":"https:\/\/camperplaatswillemsoord.nl\/de\/wp-json\/wp\/v2\/pages\/1452","targetHints":{"allow":["GET"]}}],"collection":[{"href":"https:\/\/camperplaatswillemsoord.nl\/de\/wp-json\/wp\/v2\/pages"}],"about":[{"href":"https:\/\/camperplaatswillemsoord.nl\/de\/wp-json\/wp\/v2\/types\/page"}],"author":[{"embeddable":true,"href":"https:\/\/camperplaatswillemsoord.nl\/de\/wp-json\/wp\/v2\/users\/1"}],"replies":[{"embeddable":true,"href":"https:\/\/camperplaatswillemsoord.nl\/de\/wp-json\/wp\/v2\/comments?post=1452"}],"version-history":[{"count":1,"href":"https:\/\/camperplaatswillemsoord.nl\/de\/wp-json\/wp\/v2\/pages\/1452\/revisions"}],"predecessor-version":[{"id":1454,"href":"https:\/\/camperplaatswillemsoord.nl\/de\/wp-json\/wp\/v2\/pages\/1452\/revisions\/1454"}],"wp:attachment":[{"href":"https:\/\/camperplaatswillemsoord.nl\/de\/wp-json\/wp\/v2\/media?parent=1452"}],"curies":[{"name":"wp","href":"https:\/\/api.w.org\/{rel}","templated":true}]}}