{"id":2192,"date":"2026-02-13T18:38:35","date_gmt":"2026-02-13T17:38:35","guid":{"rendered":"https:\/\/camperplaatswillemsoord.nl\/impressie\/"},"modified":"2026-02-13T18:54:21","modified_gmt":"2026-02-13T17:54:21","slug":"impressie","status":"publish","type":"page","link":"https:\/\/camperplaatswillemsoord.nl\/de\/impressie\/","title":{"rendered":"Impressie"},"content":{"rendered":"\t\t<div data-elementor-type=\"wp-page\" data-elementor-id=\"2192\" class=\"elementor elementor-2192 elementor-2173\" data-elementor-post-type=\"page\">\n\t\t\t\t<div data-dce-background-image-url=\"https:\/\/camperplaatswillemsoord.nl\/wp-content\/uploads\/2023\/10\/Camperplaats-Willemsoord-Achtergrond-Camper-22x.png\" class=\"elementor-element elementor-element-236d64e e-flex e-con-boxed e-con e-parent\" data-id=\"236d64e\" data-element_type=\"container\" data-e-type=\"container\" data-settings=\"{&quot;background_background&quot;:&quot;classic&quot;}\">\n\t\t\t\t\t<div class=\"e-con-inner\">\n\t\t<div class=\"elementor-element elementor-element-84e3822 e-con-full e-flex e-con e-child\" data-id=\"84e3822\" data-element_type=\"container\" data-e-type=\"container\">\n\t\t\t\t<div class=\"elementor-element elementor-element-9549ab8 elementor-widget elementor-widget-heading\" data-id=\"9549ab8\" data-element_type=\"widget\" data-e-type=\"widget\" data-widget_type=\"heading.default\">\n\t\t\t\t<div class=\"elementor-widget-container\">\n\t\t\t\t\t<h2 class=\"elementor-heading-title elementor-size-default\">Impression Wohnmobilstellplatz Willemsoord<\/h2>\t\t\t\t<\/div>\n\t\t\t\t<\/div>\n\t\t\t\t<div class=\"elementor-element elementor-element-f56f2d9 elementor-widget elementor-widget-heading\" data-id=\"f56f2d9\" data-element_type=\"widget\" data-e-type=\"widget\" data-widget_type=\"heading.default\">\n\t\t\t\t<div class=\"elementor-widget-container\">\n\t\t\t\t\t<h5 class=\"elementor-heading-title elementor-size-default\">Ein Ort zum Innehalten f\u00fcr einen Moment<\/h5>\t\t\t\t<\/div>\n\t\t\t\t<\/div>\n\t\t\t\t<div class=\"elementor-element elementor-element-1c75dec elementor-widget elementor-widget-text-editor\" data-id=\"1c75dec\" data-element_type=\"widget\" data-e-type=\"widget\" data-widget_type=\"text-editor.default\">\n\t\t\t\t<div class=\"elementor-widget-container\">\n\t\t\t\t\t\t\t\t\tManchmal sagt ein Bild mehr als Worte. Diese Seite vermittelt Ihnen einen Eindruck von der Atmosph\u00e4re des Camperplaats Weldadig Willemsoord: die Ruhe der offenen Landschaft, das Gr\u00fcn um Sie herum und die Weite, die Sie erleben, sobald Sie aus dem Camper steigen. Hier kommen Sie her, um loszulassen und das Tempo des Alltags hinter sich zu lassen.  \t\t\t\t\t\t\t\t<\/div>\n\t\t\t\t<\/div>\n\t\t\t\t<div class=\"elementor-element elementor-element-e990168 elementor-widget elementor-widget-heading\" data-id=\"e990168\" data-element_type=\"widget\" data-e-type=\"widget\" data-widget_type=\"heading.default\">\n\t\t\t\t<div class=\"elementor-widget-container\">\n\t\t\t\t\t<h5 class=\"elementor-heading-title elementor-size-default\">Das Leben im Freien von seiner besten Seite<\/h5>\t\t\t\t<\/div>\n\t\t\t\t<\/div>\n\t\t\t\t<div class=\"elementor-element elementor-element-100ab13 elementor-widget elementor-widget-text-editor\" data-id=\"100ab13\" data-element_type=\"widget\" data-e-type=\"widget\" data-widget_type=\"text-editor.default\">\n\t\t\t\t<div class=\"elementor-widget-container\">\n\t\t\t\t\t\t\t\t\t<p>Ob es ein fr\u00fcher Morgen mit leichtem Nebel \u00fcber dem Land ist, ein sonniger Nachmittag, an dem Sie sich an Ihrem Wohnmobil entspannen, oder ein Abendhimmel, der sich bei Sonnenuntergang langsam verf\u00e4rbt &#8211; jeder Moment hier hat seinen eigenen Charme. Die Fotos zeigen, was Worte kaum einfangen k\u00f6nnen: das Gef\u00fchl von Freiheit, Weite und Einfachheit. <\/p>\t\t\t\t\t\t\t\t<\/div>\n\t\t\t\t<\/div>\n\t\t\t\t<div class=\"elementor-element elementor-element-4e21df5 elementor-widget elementor-widget-heading\" data-id=\"4e21df5\" data-element_type=\"widget\" data-e-type=\"widget\" data-widget_type=\"heading.default\">\n\t\t\t\t<div class=\"elementor-widget-container\">\n\t\t\t\t\t<h5 class=\"elementor-heading-title elementor-size-default\">Atmosph\u00e4re, Ruhe und Begegnung<\/h5>\t\t\t\t<\/div>\n\t\t\t\t<\/div>\n\t\t\t\t<div class=\"elementor-element elementor-element-fa1d800 elementor-widget elementor-widget-text-editor\" data-id=\"fa1d800\" data-element_type=\"widget\" data-e-type=\"widget\" data-widget_type=\"text-editor.default\">\n\t\t\t\t<div class=\"elementor-widget-container\">\n\t\t\t\t\t\t\t\t\tWeldadig Willemsoord steht f\u00fcr Vergn\u00fcgen in aller Einfachheit. Ein Gespr\u00e4ch mit anderen G\u00e4sten, ein Spaziergang oder eine Fahrradtour in der Umgebung und dann die R\u00fcckkehr zu Ihrem eigenen Platz im Gr\u00fcnen. Die Bilder auf dieser Seite vermitteln einen Eindruck, aber das wirkliche Erlebnis entsteht, wenn Sie selbst hier sind.  \t\t\t\t\t\t\t\t<\/div>\n\t\t\t\t<\/div>\n\t\t\t\t<div class=\"elementor-element elementor-element-1cac78e elementor-widget elementor-widget-heading\" data-id=\"1cac78e\" data-element_type=\"widget\" data-e-type=\"widget\" data-widget_type=\"heading.default\">\n\t\t\t\t<div class=\"elementor-widget-container\">\n\t\t\t\t\t<h5 class=\"elementor-heading-title elementor-size-default\">Teilen Sie Ihren Moment<\/h5>\t\t\t\t<\/div>\n\t\t\t\t<\/div>\n\t\t\t\t<div class=\"elementor-element elementor-element-643e73f elementor-widget elementor-widget-text-editor\" data-id=\"643e73f\" data-element_type=\"widget\" data-e-type=\"widget\" data-widget_type=\"text-editor.default\">\n\t\t\t\t<div class=\"elementor-widget-container\">\n\t\t\t\t\t\t\t\t\tHaben Sie w\u00e4hrend Ihres Aufenthalts sch\u00f6ne Fotos gemacht? Wir freuen uns, wenn Sie sie mit uns teilen m\u00f6chten. Sie k\u00f6nnen sie uns schicken, damit wir sie hier ver\u00f6ffentlichen oder Ihrer Bewertung hinzuf\u00fcgen k\u00f6nnen. Auf diese Weise tragen wir gemeinsam dazu bei, zuk\u00fcnftigen G\u00e4sten einen ehrlichen und stimmungsvollen Eindruck von Camperplaats Weldadig Willemsoord zu vermitteln.   \t\t\t\t\t\t\t\t<\/div>\n\t\t\t\t<\/div>\n\t\t\t\t<div class=\"elementor-element elementor-element-b04bb63 elementor-widget elementor-widget-gallery\" data-id=\"b04bb63\" data-element_type=\"widget\" data-e-type=\"widget\" data-settings=\"{&quot;columns_laptop&quot;:3,&quot;columns_tablet_extra&quot;:3,&quot;gap&quot;:{&quot;unit&quot;:&quot;px&quot;,&quot;size&quot;:15,&quot;sizes&quot;:[]},&quot;aspect_ratio&quot;:&quot;16:9&quot;,&quot;lazyload&quot;:&quot;yes&quot;,&quot;gallery_layout&quot;:&quot;grid&quot;,&quot;columns&quot;:4,&quot;columns_tablet&quot;:2,&quot;columns_mobile&quot;:1,&quot;gap_laptop&quot;:{&quot;unit&quot;:&quot;px&quot;,&quot;size&quot;:10,&quot;sizes&quot;:[]},&quot;gap_tablet_extra&quot;:{&quot;unit&quot;:&quot;px&quot;,&quot;size&quot;:10,&quot;sizes&quot;:[]},&quot;gap_tablet&quot;:{&quot;unit&quot;:&quot;px&quot;,&quot;size&quot;:10,&quot;sizes&quot;:[]},&quot;gap_mobile&quot;:{&quot;unit&quot;:&quot;px&quot;,&quot;size&quot;:10,&quot;sizes&quot;:[]},&quot;link_to&quot;:&quot;file&quot;,&quot;overlay_background&quot;:&quot;yes&quot;,&quot;content_hover_animation&quot;:&quot;fade-in&quot;}\" data-widget_type=\"gallery.default\">\n\t\t\t\t<div class=\"elementor-widget-container\">\n\t\t\t\t\t\t\t<div class=\"elementor-gallery__container\">\n\t\t\t\t\t\t\t<a class=\"e-gallery-item elementor-gallery-item elementor-animated-content\" href=\"https:\/\/camperplaatswillemsoord.nl\/wp-content\/uploads\/2026\/02\/Camperplaats-Willemsoord-impressie-12.jpg\" data-elementor-open-lightbox=\"yes\" data-elementor-lightbox-slideshow=\"b04bb63\" data-elementor-lightbox-title=\"Wohnmobilstellplatz Willemsoord Eindruck 12\" data-elementor-lightbox-description=\"Wohnmobilstellplatz Willemsoord Eindruck 12\" data-e-action-hash=\"#elementor-action%3Aaction%3Dlightbox%26settings%3DeyJpZCI6MjE1OSwidXJsIjoiaHR0cHM6XC9cL2NhbXBlcnBsYWF0c3dpbGxlbXNvb3JkLm5sXC93cC1jb250ZW50XC91cGxvYWRzXC8yMDI2XC8wMlwvQ2FtcGVycGxhYXRzLVdpbGxlbXNvb3JkLWltcHJlc3NpZS0xMi5qcGciLCJzbGlkZXNob3ciOiJiMDRiYjYzIn0%3D\">\n\t\t\t\t\t<div class=\"e-gallery-image elementor-gallery-item__image\" data-thumbnail=\"https:\/\/camperplaatswillemsoord.nl\/wp-content\/uploads\/2026\/02\/Camperplaats-Willemsoord-impressie-12-1536x1152.jpg\" data-width=\"1536\" data-height=\"1152\" aria-label=\"Wohnmobilstellplatz Willemsoord Eindruck 12\" role=\"img\" ><\/div>\n\t\t\t\t\t\t\t\t\t\t\t<div class=\"elementor-gallery-item__overlay\"><\/div>\n\t\t\t\t\t\t\t\t\t\t\t\t\t\t<\/a>\n\t\t\t\t\t\t\t<a class=\"e-gallery-item elementor-gallery-item elementor-animated-content\" href=\"https:\/\/camperplaatswillemsoord.nl\/wp-content\/uploads\/2026\/02\/Camperplaats-Willemsoord-impressie-1.jpeg\" data-elementor-open-lightbox=\"yes\" data-elementor-lightbox-slideshow=\"b04bb63\" data-elementor-lightbox-title=\"Wohnmobilstellplatz Willemsoord Eindruck 1\" data-elementor-lightbox-description=\"Wohnmobilstellplatz Willemsoord Eindruck 1\" data-e-action-hash=\"#elementor-action%3Aaction%3Dlightbox%26settings%3DeyJpZCI6MjE2MCwidXJsIjoiaHR0cHM6XC9cL2NhbXBlcnBsYWF0c3dpbGxlbXNvb3JkLm5sXC93cC1jb250ZW50XC91cGxvYWRzXC8yMDI2XC8wMlwvQ2FtcGVycGxhYXRzLVdpbGxlbXNvb3JkLWltcHJlc3NpZS0xLmpwZWciLCJzbGlkZXNob3ciOiJiMDRiYjYzIn0%3D\">\n\t\t\t\t\t<div class=\"e-gallery-image elementor-gallery-item__image\" data-thumbnail=\"https:\/\/camperplaatswillemsoord.nl\/wp-content\/uploads\/2026\/02\/Camperplaats-Willemsoord-impressie-1-1536x864.jpeg\" data-width=\"1536\" data-height=\"864\" aria-label=\"Wohnmobilstellplatz Willemsoord Eindruck 1\" role=\"img\" ><\/div>\n\t\t\t\t\t\t\t\t\t\t\t<div class=\"elementor-gallery-item__overlay\"><\/div>\n\t\t\t\t\t\t\t\t\t\t\t\t\t\t<\/a>\n\t\t\t\t\t\t\t<a class=\"e-gallery-item elementor-gallery-item elementor-animated-content\" href=\"https:\/\/camperplaatswillemsoord.nl\/wp-content\/uploads\/2026\/02\/Camperplaats-Willemsoord-impressie-11.jpg\" data-elementor-open-lightbox=\"yes\" data-elementor-lightbox-slideshow=\"b04bb63\" data-elementor-lightbox-title=\"Wohnmobilstellplatz Willemsoord Eindruck 11\" data-elementor-lightbox-description=\"Wohnmobilstellplatz Willemsoord Eindruck 11\" data-e-action-hash=\"#elementor-action%3Aaction%3Dlightbox%26settings%3DeyJpZCI6MjE4OCwidXJsIjoiaHR0cHM6XC9cL2NhbXBlcnBsYWF0c3dpbGxlbXNvb3JkLm5sXC93cC1jb250ZW50XC91cGxvYWRzXC8yMDI2XC8wMlwvQ2FtcGVycGxhYXRzLVdpbGxlbXNvb3JkLWltcHJlc3NpZS0xMS5qcGciLCJzbGlkZXNob3ciOiJiMDRiYjYzIn0%3D\">\n\t\t\t\t\t<div class=\"e-gallery-image elementor-gallery-item__image\" data-thumbnail=\"https:\/\/camperplaatswillemsoord.nl\/wp-content\/uploads\/2026\/02\/Camperplaats-Willemsoord-impressie-11.jpg\" data-width=\"1280\" data-height=\"720\" aria-label=\"Wohnmobilstellplatz Willemsoord Eindruck 11\" role=\"img\" ><\/div>\n\t\t\t\t\t\t\t\t\t\t\t<div class=\"elementor-gallery-item__overlay\"><\/div>\n\t\t\t\t\t\t\t\t\t\t\t\t\t\t<\/a>\n\t\t\t\t\t\t\t<a class=\"e-gallery-item elementor-gallery-item elementor-animated-content\" href=\"https:\/\/camperplaatswillemsoord.nl\/wp-content\/uploads\/2026\/02\/Camperplaats-Willemsoord-impressie-2.jpeg\" data-elementor-open-lightbox=\"yes\" data-elementor-lightbox-slideshow=\"b04bb63\" data-elementor-lightbox-title=\"Wohnmobilstellplatz Willemsoord Eindruck 2\" data-elementor-lightbox-description=\"Wohnmobilstellplatz Willemsoord Eindruck 2\" data-e-action-hash=\"#elementor-action%3Aaction%3Dlightbox%26settings%3DeyJpZCI6MjE1NywidXJsIjoiaHR0cHM6XC9cL2NhbXBlcnBsYWF0c3dpbGxlbXNvb3JkLm5sXC93cC1jb250ZW50XC91cGxvYWRzXC8yMDI2XC8wMlwvQ2FtcGVycGxhYXRzLVdpbGxlbXNvb3JkLWltcHJlc3NpZS0yLmpwZWciLCJzbGlkZXNob3ciOiJiMDRiYjYzIn0%3D\">\n\t\t\t\t\t<div class=\"e-gallery-image elementor-gallery-item__image\" data-thumbnail=\"https:\/\/camperplaatswillemsoord.nl\/wp-content\/uploads\/2026\/02\/Camperplaats-Willemsoord-impressie-2-1536x1152.jpeg\" data-width=\"1536\" data-height=\"1152\" aria-label=\"Wohnmobilstellplatz Willemsoord Eindruck 2\" role=\"img\" ><\/div>\n\t\t\t\t\t\t\t\t\t\t\t<div class=\"elementor-gallery-item__overlay\"><\/div>\n\t\t\t\t\t\t\t\t\t\t\t\t\t\t<\/a>\n\t\t\t\t\t\t\t<a class=\"e-gallery-item elementor-gallery-item elementor-animated-content\" href=\"https:\/\/camperplaatswillemsoord.nl\/wp-content\/uploads\/2026\/02\/Camperplaats-Willemsoord-impressie-6.jpg\" data-elementor-open-lightbox=\"yes\" data-elementor-lightbox-slideshow=\"b04bb63\" data-elementor-lightbox-title=\"Wohnmobilstellplatz Willemsoord Eindruck 6\" data-elementor-lightbox-description=\"Wohnmobilstellplatz Willemsoord Eindruck 6\" data-e-action-hash=\"#elementor-action%3Aaction%3Dlightbox%26settings%3DeyJpZCI6MjE1MiwidXJsIjoiaHR0cHM6XC9cL2NhbXBlcnBsYWF0c3dpbGxlbXNvb3JkLm5sXC93cC1jb250ZW50XC91cGxvYWRzXC8yMDI2XC8wMlwvQ2FtcGVycGxhYXRzLVdpbGxlbXNvb3JkLWltcHJlc3NpZS02LmpwZyIsInNsaWRlc2hvdyI6ImIwNGJiNjMifQ%3D%3D\">\n\t\t\t\t\t<div class=\"e-gallery-image elementor-gallery-item__image\" data-thumbnail=\"https:\/\/camperplaatswillemsoord.nl\/wp-content\/uploads\/2026\/02\/Camperplaats-Willemsoord-impressie-6-1536x1152.jpg\" data-width=\"1536\" data-height=\"1152\" aria-label=\"Wohnmobilstellplatz Willemsoord Eindruck 6\" role=\"img\" ><\/div>\n\t\t\t\t\t\t\t\t\t\t\t<div class=\"elementor-gallery-item__overlay\"><\/div>\n\t\t\t\t\t\t\t\t\t\t\t\t\t\t<\/a>\n\t\t\t\t\t\t\t<a class=\"e-gallery-item elementor-gallery-item elementor-animated-content\" href=\"https:\/\/camperplaatswillemsoord.nl\/wp-content\/uploads\/2026\/02\/Camperplaats-Willemsoord-impressie-3.jpg\" data-elementor-open-lightbox=\"yes\" data-elementor-lightbox-slideshow=\"b04bb63\" data-elementor-lightbox-title=\"Wohnmobilstellplatz Willemsoord Eindruck 3\" data-elementor-lightbox-description=\"Wohnmobilstellplatz Willemsoord Eindruck 3\" data-e-action-hash=\"#elementor-action%3Aaction%3Dlightbox%26settings%3DeyJpZCI6MjE1NCwidXJsIjoiaHR0cHM6XC9cL2NhbXBlcnBsYWF0c3dpbGxlbXNvb3JkLm5sXC93cC1jb250ZW50XC91cGxvYWRzXC8yMDI2XC8wMlwvQ2FtcGVycGxhYXRzLVdpbGxlbXNvb3JkLWltcHJlc3NpZS0zLmpwZyIsInNsaWRlc2hvdyI6ImIwNGJiNjMifQ%3D%3D\">\n\t\t\t\t\t<div class=\"e-gallery-image elementor-gallery-item__image\" data-thumbnail=\"https:\/\/camperplaatswillemsoord.nl\/wp-content\/uploads\/2026\/02\/Camperplaats-Willemsoord-impressie-3-1536x1152.jpg\" data-width=\"1536\" data-height=\"1152\" aria-label=\"Wohnmobilstellplatz Willemsoord Eindruck 3\" role=\"img\" ><\/div>\n\t\t\t\t\t\t\t\t\t\t\t<div class=\"elementor-gallery-item__overlay\"><\/div>\n\t\t\t\t\t\t\t\t\t\t\t\t\t\t<\/a>\n\t\t\t\t\t\t\t<a class=\"e-gallery-item elementor-gallery-item elementor-animated-content\" href=\"https:\/\/camperplaatswillemsoord.nl\/wp-content\/uploads\/2026\/02\/Camperplaats-Willemsoord-impressie-10.jpg\" data-elementor-open-lightbox=\"yes\" data-elementor-lightbox-slideshow=\"b04bb63\" data-elementor-lightbox-title=\"Wohnmobilstellplatz Willemsoord Eindruck 10\" data-elementor-lightbox-description=\"Wohnmobilstellplatz Willemsoord Eindruck 10\" data-e-action-hash=\"#elementor-action%3Aaction%3Dlightbox%26settings%3DeyJpZCI6MjE1MywidXJsIjoiaHR0cHM6XC9cL2NhbXBlcnBsYWF0c3dpbGxlbXNvb3JkLm5sXC93cC1jb250ZW50XC91cGxvYWRzXC8yMDI2XC8wMlwvQ2FtcGVycGxhYXRzLVdpbGxlbXNvb3JkLWltcHJlc3NpZS0xMC5qcGciLCJzbGlkZXNob3ciOiJiMDRiYjYzIn0%3D\">\n\t\t\t\t\t<div class=\"e-gallery-image elementor-gallery-item__image\" data-thumbnail=\"https:\/\/camperplaatswillemsoord.nl\/wp-content\/uploads\/2026\/02\/Camperplaats-Willemsoord-impressie-10-1536x1152.jpg\" data-width=\"1536\" data-height=\"1152\" aria-label=\"Wohnmobilstellplatz Willemsoord Eindruck 10\" role=\"img\" ><\/div>\n\t\t\t\t\t\t\t\t\t\t\t<div class=\"elementor-gallery-item__overlay\"><\/div>\n\t\t\t\t\t\t\t\t\t\t\t\t\t\t<\/a>\n\t\t\t\t\t\t\t<a class=\"e-gallery-item elementor-gallery-item elementor-animated-content\" href=\"https:\/\/camperplaatswillemsoord.nl\/wp-content\/uploads\/2026\/02\/Camperplaats-Willemsoord-impressie-7.jpg\" data-elementor-open-lightbox=\"yes\" data-elementor-lightbox-slideshow=\"b04bb63\" data-elementor-lightbox-title=\"Wohnmobilstellplatz Willemsoord Eindruck 7\" data-elementor-lightbox-description=\"Wohnmobilstellplatz Willemsoord Eindruck 7\" data-e-action-hash=\"#elementor-action%3Aaction%3Dlightbox%26settings%3DeyJpZCI6MjE1NSwidXJsIjoiaHR0cHM6XC9cL2NhbXBlcnBsYWF0c3dpbGxlbXNvb3JkLm5sXC93cC1jb250ZW50XC91cGxvYWRzXC8yMDI2XC8wMlwvQ2FtcGVycGxhYXRzLVdpbGxlbXNvb3JkLWltcHJlc3NpZS03LmpwZyIsInNsaWRlc2hvdyI6ImIwNGJiNjMifQ%3D%3D\">\n\t\t\t\t\t<div class=\"e-gallery-image elementor-gallery-item__image\" data-thumbnail=\"https:\/\/camperplaatswillemsoord.nl\/wp-content\/uploads\/2026\/02\/Camperplaats-Willemsoord-impressie-7-1536x1152.jpg\" data-width=\"1536\" data-height=\"1152\" aria-label=\"Wohnmobilstellplatz Willemsoord Eindruck 7\" role=\"img\" ><\/div>\n\t\t\t\t\t\t\t\t\t\t\t<div class=\"elementor-gallery-item__overlay\"><\/div>\n\t\t\t\t\t\t\t\t\t\t\t\t\t\t<\/a>\n\t\t\t\t\t\t\t<a class=\"e-gallery-item elementor-gallery-item elementor-animated-content\" href=\"https:\/\/camperplaatswillemsoord.nl\/wp-content\/uploads\/2026\/02\/Camperplaats-Willemsoord-impressie-8.jpg\" data-elementor-open-lightbox=\"yes\" data-elementor-lightbox-slideshow=\"b04bb63\" data-elementor-lightbox-title=\"Wohnmobilstellplatz Willemsoord Eindruck 8\" data-elementor-lightbox-description=\"Wohnmobilstellplatz Willemsoord Eindruck 8\" data-e-action-hash=\"#elementor-action%3Aaction%3Dlightbox%26settings%3DeyJpZCI6MjE1NiwidXJsIjoiaHR0cHM6XC9cL2NhbXBlcnBsYWF0c3dpbGxlbXNvb3JkLm5sXC93cC1jb250ZW50XC91cGxvYWRzXC8yMDI2XC8wMlwvQ2FtcGVycGxhYXRzLVdpbGxlbXNvb3JkLWltcHJlc3NpZS04LmpwZyIsInNsaWRlc2hvdyI6ImIwNGJiNjMifQ%3D%3D\">\n\t\t\t\t\t<div class=\"e-gallery-image elementor-gallery-item__image\" data-thumbnail=\"https:\/\/camperplaatswillemsoord.nl\/wp-content\/uploads\/2026\/02\/Camperplaats-Willemsoord-impressie-8-1152x1536.jpg\" data-width=\"1152\" data-height=\"1536\" aria-label=\"Wohnmobilstellplatz Willemsoord Eindruck 8\" role=\"img\" ><\/div>\n\t\t\t\t\t\t\t\t\t\t\t<div class=\"elementor-gallery-item__overlay\"><\/div>\n\t\t\t\t\t\t\t\t\t\t\t\t\t\t<\/a>\n\t\t\t\t\t\t\t<a class=\"e-gallery-item elementor-gallery-item elementor-animated-content\" href=\"https:\/\/camperplaatswillemsoord.nl\/wp-content\/uploads\/2026\/02\/Camperplaats-Willemsoord-impressie-9.jpg\" data-elementor-open-lightbox=\"yes\" data-elementor-lightbox-slideshow=\"b04bb63\" data-elementor-lightbox-title=\"Wohnmobilstellplatz Willemsoord Eindruck 9\" data-elementor-lightbox-description=\"Wohnmobilstellplatz Willemsoord Eindruck 9\" data-e-action-hash=\"#elementor-action%3Aaction%3Dlightbox%26settings%3DeyJpZCI6MjE1OCwidXJsIjoiaHR0cHM6XC9cL2NhbXBlcnBsYWF0c3dpbGxlbXNvb3JkLm5sXC93cC1jb250ZW50XC91cGxvYWRzXC8yMDI2XC8wMlwvQ2FtcGVycGxhYXRzLVdpbGxlbXNvb3JkLWltcHJlc3NpZS05LmpwZyIsInNsaWRlc2hvdyI6ImIwNGJiNjMifQ%3D%3D\">\n\t\t\t\t\t<div class=\"e-gallery-image elementor-gallery-item__image\" data-thumbnail=\"https:\/\/camperplaatswillemsoord.nl\/wp-content\/uploads\/2026\/02\/Camperplaats-Willemsoord-impressie-9-1536x1152.jpg\" data-width=\"1536\" data-height=\"1152\" aria-label=\"Wohnmobilstellplatz Willemsoord Eindruck 9\" role=\"img\" ><\/div>\n\t\t\t\t\t\t\t\t\t\t\t<div class=\"elementor-gallery-item__overlay\"><\/div>\n\t\t\t\t\t\t\t\t\t\t\t\t\t\t<\/a>\n\t\t\t\t\t\t\t<a class=\"e-gallery-item elementor-gallery-item elementor-animated-content\" href=\"https:\/\/camperplaatswillemsoord.nl\/wp-content\/uploads\/elementor\/forms\/68586b0ff2150-scaled.jpg\" data-elementor-open-lightbox=\"yes\" data-elementor-lightbox-slideshow=\"b04bb63\" data-elementor-lightbox-title=\"Wohnmobilstellplatz Weldadig Willemsoord - Sanit\u00e4reinheit\" data-elementor-lightbox-description=\"Wohnmobilstellplatz Weldadig Willemsoord - Sanit\u00e4reinheit  \" data-e-action-hash=\"#elementor-action%3Aaction%3Dlightbox%26settings%3DeyJpZCI6MjA1NSwidXJsIjoiaHR0cHM6XC9cL2NhbXBlcnBsYWF0c3dpbGxlbXNvb3JkLm5sXC93cC1jb250ZW50XC91cGxvYWRzXC9lbGVtZW50b3JcL2Zvcm1zXC82ODU4NmIwZmYyMTUwLXNjYWxlZC5qcGciLCJzbGlkZXNob3ciOiJiMDRiYjYzIn0%3D\">\n\t\t\t\t\t<div class=\"e-gallery-image elementor-gallery-item__image\" data-thumbnail=\"https:\/\/camperplaatswillemsoord.nl\/wp-content\/uploads\/elementor\/forms\/68586b0ff2150-727x1536.jpg\" data-width=\"727\" data-height=\"1536\" aria-label=\"Wohnmobilstellplatz Weldadig Willemsoord - Sanit\u00e4reinheit\" role=\"img\" ><\/div>\n\t\t\t\t\t\t\t\t\t\t\t<div class=\"elementor-gallery-item__overlay\"><\/div>\n\t\t\t\t\t\t\t\t\t\t\t\t\t\t<\/a>\n\t\t\t\t\t\t\t<a class=\"e-gallery-item elementor-gallery-item elementor-animated-content\" href=\"https:\/\/camperplaatswillemsoord.nl\/wp-content\/uploads\/2026\/02\/Camperplaats-Willemsoord-impressie-4.jpg\" data-elementor-open-lightbox=\"yes\" data-elementor-lightbox-slideshow=\"b04bb63\" data-elementor-lightbox-title=\"Wohnmobilstellplatz Willemsoord Eindruck 4\" data-elementor-lightbox-description=\"Wohnmobilstellplatz Willemsoord Eindruck 4\" data-e-action-hash=\"#elementor-action%3Aaction%3Dlightbox%26settings%3DeyJpZCI6MjE5MCwidXJsIjoiaHR0cHM6XC9cL2NhbXBlcnBsYWF0c3dpbGxlbXNvb3JkLm5sXC93cC1jb250ZW50XC91cGxvYWRzXC8yMDI2XC8wMlwvQ2FtcGVycGxhYXRzLVdpbGxlbXNvb3JkLWltcHJlc3NpZS00LmpwZyIsInNsaWRlc2hvdyI6ImIwNGJiNjMifQ%3D%3D\">\n\t\t\t\t\t<div class=\"e-gallery-image elementor-gallery-item__image\" data-thumbnail=\"https:\/\/camperplaatswillemsoord.nl\/wp-content\/uploads\/2026\/02\/Camperplaats-Willemsoord-impressie-4-1152x1536.jpg\" data-width=\"1152\" data-height=\"1536\" aria-label=\"Wohnmobilstellplatz Willemsoord Eindruck 4\" role=\"img\" ><\/div>\n\t\t\t\t\t\t\t\t\t\t\t<div class=\"elementor-gallery-item__overlay\"><\/div>\n\t\t\t\t\t\t\t\t\t\t\t\t\t\t<\/a>\n\t\t\t\t\t\t\t<a class=\"e-gallery-item elementor-gallery-item elementor-animated-content\" href=\"https:\/\/camperplaatswillemsoord.nl\/wp-content\/uploads\/2026\/02\/Camperplaats-Willemsoord-impressie-5.jpg\" data-elementor-open-lightbox=\"yes\" data-elementor-lightbox-slideshow=\"b04bb63\" data-elementor-lightbox-title=\"Wohnmobilstellplatz Willemsoord Eindruck 5\" data-elementor-lightbox-description=\"Wohnmobilstellplatz Willemsoord Eindruck 5\" data-e-action-hash=\"#elementor-action%3Aaction%3Dlightbox%26settings%3DeyJpZCI6MjE5MSwidXJsIjoiaHR0cHM6XC9cL2NhbXBlcnBsYWF0c3dpbGxlbXNvb3JkLm5sXC93cC1jb250ZW50XC91cGxvYWRzXC8yMDI2XC8wMlwvQ2FtcGVycGxhYXRzLVdpbGxlbXNvb3JkLWltcHJlc3NpZS01LmpwZyIsInNsaWRlc2hvdyI6ImIwNGJiNjMifQ%3D%3D\">\n\t\t\t\t\t<div class=\"e-gallery-image elementor-gallery-item__image\" data-thumbnail=\"https:\/\/camperplaatswillemsoord.nl\/wp-content\/uploads\/2026\/02\/Camperplaats-Willemsoord-impressie-5-1152x1536.jpg\" data-width=\"1152\" data-height=\"1536\" aria-label=\"Wohnmobilstellplatz Willemsoord Eindruck 5\" role=\"img\" ><\/div>\n\t\t\t\t\t\t\t\t\t\t\t<div class=\"elementor-gallery-item__overlay\"><\/div>\n\t\t\t\t\t\t\t\t\t\t\t\t\t\t<\/a>\n\t\t\t\t\t<\/div>\n\t\t\t\t\t<\/div>\n\t\t\t\t<\/div>\n\t\t\t\t<\/div>\n\t\t\t\t\t<\/div>\n\t\t\t\t<\/div>\n\t\t\t\t<\/div>\n\t\t","protected":false},"excerpt":{"rendered":"<p>Impression Wohnmobilstellplatz Willemsoord Ein Ort zum Innehalten f\u00fcr einen Moment Manchmal sagt ein Bild mehr als Worte. Diese Seite vermittelt Ihnen einen Eindruck von der Atmosph\u00e4re des Camperplaats Weldadig Willemsoord: die Ruhe der offenen Landschaft, das Gr\u00fcn um Sie herum und die Weite, die Sie erleben, sobald Sie aus dem Camper steigen. Hier kommen Sie [&hellip;]<\/p>\n","protected":false},"author":1,"featured_media":2160,"parent":0,"menu_order":0,"comment_status":"closed","ping_status":"closed","template":"","meta":{"_acf_changed":false,"footnotes":""},"class_list":["post-2192","page","type-page","status-publish","has-post-thumbnail","hentry"],"acf":[],"_links":{"self":[{"href":"https:\/\/camperplaatswillemsoord.nl\/de\/wp-json\/wp\/v2\/pages\/2192","targetHints":{"allow":["GET"]}}],"collection":[{"href":"https:\/\/camperplaatswillemsoord.nl\/de\/wp-json\/wp\/v2\/pages"}],"about":[{"href":"https:\/\/camperplaatswillemsoord.nl\/de\/wp-json\/wp\/v2\/types\/page"}],"author":[{"embeddable":true,"href":"https:\/\/camperplaatswillemsoord.nl\/de\/wp-json\/wp\/v2\/users\/1"}],"replies":[{"embeddable":true,"href":"https:\/\/camperplaatswillemsoord.nl\/de\/wp-json\/wp\/v2\/comments?post=2192"}],"version-history":[{"count":1,"href":"https:\/\/camperplaatswillemsoord.nl\/de\/wp-json\/wp\/v2\/pages\/2192\/revisions"}],"predecessor-version":[{"id":2193,"href":"https:\/\/camperplaatswillemsoord.nl\/de\/wp-json\/wp\/v2\/pages\/2192\/revisions\/2193"}],"wp:featuredmedia":[{"embeddable":true,"href":"https:\/\/camperplaatswillemsoord.nl\/de\/wp-json\/wp\/v2\/media\/2160"}],"wp:attachment":[{"href":"https:\/\/camperplaatswillemsoord.nl\/de\/wp-json\/wp\/v2\/media?parent=2192"}],"curies":[{"name":"wp","href":"https:\/\/api.w.org\/{rel}","templated":true}]}}