{"id":1463,"date":"2023-10-22T13:18:32","date_gmt":"2023-10-22T11:18:32","guid":{"rendered":"https:\/\/camperplaatswillemsoord.nl\/declaration-relative-aux-cookies\/"},"modified":"2023-10-29T17:20:43","modified_gmt":"2023-10-29T16:20:43","slug":"declaration-relative-aux-cookies","status":"publish","type":"page","link":"https:\/\/camperplaatswillemsoord.nl\/fr\/declaration-relative-aux-cookies\/","title":{"rendered":"D\u00e9claration relative aux cookies"},"content":{"rendered":"\t\t<div data-elementor-type=\"wp-page\" data-elementor-id=\"1463\" class=\"elementor elementor-1463 elementor-34\" data-elementor-post-type=\"page\">\n\t\t\t\t<div class=\"elementor-element elementor-element-a5da1e9 e-con-full e-flex e-con e-parent\" data-id=\"a5da1e9\" data-element_type=\"container\" data-e-type=\"container\" data-settings=\"{&quot;background_background&quot;:&quot;slideshow&quot;,&quot;background_slideshow_gallery&quot;:[{&quot;id&quot;:239,&quot;url&quot;:&quot;https:\\\/\\\/camperplaatswillemsoord.nl\\\/wp-content\\\/uploads\\\/2023\\\/10\\\/Camperplaats-Willemsoord-Weldadig-Kamperen-76.jpg&quot;},{&quot;id&quot;:248,&quot;url&quot;:&quot;https:\\\/\\\/camperplaatswillemsoord.nl\\\/wp-content\\\/uploads\\\/2023\\\/10\\\/Camperplaats-Willemsoord-Weldadig-Kamperen-65.jpg&quot;},{&quot;id&quot;:252,&quot;url&quot;:&quot;https:\\\/\\\/camperplaatswillemsoord.nl\\\/wp-content\\\/uploads\\\/2023\\\/10\\\/Camperplaats-Willemsoord-Weldadig-Kamperen-63.jpg&quot;},{&quot;id&quot;:244,&quot;url&quot;:&quot;https:\\\/\\\/camperplaatswillemsoord.nl\\\/wp-content\\\/uploads\\\/2023\\\/10\\\/Camperplaats-Willemsoord-Weldadig-Kamperen-77.jpg&quot;}],&quot;background_slideshow_loop&quot;:&quot;yes&quot;,&quot;background_slideshow_slide_duration&quot;:5000,&quot;background_slideshow_slide_transition&quot;:&quot;fade&quot;,&quot;background_slideshow_transition_duration&quot;:500}\">\n\t\t\t\t<div class=\"elementor-element elementor-element-c59885e dce_masking-none elementor-invisible elementor-widget elementor-widget-image\" data-id=\"c59885e\" data-element_type=\"widget\" data-e-type=\"widget\" data-settings=\"{&quot;_animation&quot;:&quot;rollIn&quot;}\" data-widget_type=\"image.default\">\n\t\t\t\t<div class=\"elementor-widget-container\">\n\t\t\t\t\t\t\t\t\t\t\t\t\t\t\t<img fetchpriority=\"high\" decoding=\"async\" width=\"4500\" height=\"4500\" src=\"https:\/\/camperplaatswillemsoord.nl\/wp-content\/uploads\/2023\/10\/Camperplaats-Willemsoord-Logo_2023-vierkant.png\" class=\"attachment-full size-full wp-image-171\" alt=\"Terrain de camping Willemsoord Logo 2023 square\" srcset=\"https:\/\/camperplaatswillemsoord.nl\/wp-content\/uploads\/2023\/10\/Camperplaats-Willemsoord-Logo_2023-vierkant.png 4500w, https:\/\/camperplaatswillemsoord.nl\/wp-content\/uploads\/2023\/10\/Camperplaats-Willemsoord-Logo_2023-vierkant-300x300.png 300w, https:\/\/camperplaatswillemsoord.nl\/wp-content\/uploads\/2023\/10\/Camperplaats-Willemsoord-Logo_2023-vierkant-1024x1024.png 1024w, https:\/\/camperplaatswillemsoord.nl\/wp-content\/uploads\/2023\/10\/Camperplaats-Willemsoord-Logo_2023-vierkant-150x150.png 150w, https:\/\/camperplaatswillemsoord.nl\/wp-content\/uploads\/2023\/10\/Camperplaats-Willemsoord-Logo_2023-vierkant-768x768.png 768w, https:\/\/camperplaatswillemsoord.nl\/wp-content\/uploads\/2023\/10\/Camperplaats-Willemsoord-Logo_2023-vierkant-1536x1536.png 1536w, https:\/\/camperplaatswillemsoord.nl\/wp-content\/uploads\/2023\/10\/Camperplaats-Willemsoord-Logo_2023-vierkant-2048x2048.png 2048w\" sizes=\"(max-width: 4500px) 100vw, 4500px\" \/>\t\t\t\t\t\t\t\t\t\t\t\t\t\t\t<\/div>\n\t\t\t\t<\/div>\n\t\t\t\t<div class=\"elementor-element elementor-element-4e0b382 elementor-invisible elementor-widget elementor-widget-heading\" data-id=\"4e0b382\" data-element_type=\"widget\" data-e-type=\"widget\" data-settings=\"{&quot;_animation&quot;:&quot;fadeInRight&quot;}\" data-widget_type=\"heading.default\">\n\t\t\t\t<div class=\"elementor-widget-container\">\n\t\t\t\t\t<h2 class=\"elementor-heading-title elementor-size-default\">D\u00e9claration relative aux cookies<\/h2>\t\t\t\t<\/div>\n\t\t\t\t<\/div>\n\t\t\t\t<\/div>\n\t\t<div data-dce-background-image-url=\"https:\/\/camperplaatswillemsoord.nl\/wp-content\/uploads\/2023\/10\/Camperplaats-Willemsoord-Achtergrond-Camper-22x.png\" class=\"elementor-element elementor-element-691b391 e-flex e-con-boxed e-con e-parent\" data-id=\"691b391\" data-element_type=\"container\" data-e-type=\"container\" data-settings=\"{&quot;background_background&quot;:&quot;classic&quot;}\">\n\t\t\t\t\t<div class=\"e-con-inner\">\n\t\t\t\t<div class=\"elementor-element elementor-element-daee898 elementor-widget elementor-widget-heading\" data-id=\"daee898\" data-element_type=\"widget\" data-e-type=\"widget\" data-widget_type=\"heading.default\">\n\t\t\t\t<div class=\"elementor-widget-container\">\n\t\t\t\t\t<h2 class=\"elementor-heading-title elementor-size-default\">D\u00e9claration relative aux cookies Aire de Camping-car Willemsoord<\/h2>\t\t\t\t<\/div>\n\t\t\t\t<\/div>\n\t\t\t\t<div class=\"elementor-element elementor-element-eba0af5 elementor-widget elementor-widget-text-editor\" data-id=\"eba0af5\" data-element_type=\"widget\" data-e-type=\"widget\" data-widget_type=\"text-editor.default\">\n\t\t\t\t<div class=\"elementor-widget-container\">\n\t\t\t\t\t\t\t\t\t<h5>L&rsquo;utilisation de cookies<\/h5>\n<p>https:\/\/camperplaatswillemsoord.nl utilise des cookies. Un cookie est un simple petit fichier envoy\u00e9 avec des pages de ce site web et\/ou des applications Flash et stock\u00e9 par votre navigateur sur le disque dur de votre ordinateur, t\u00e9l\u00e9phone mobile, montre intelligente ou tablette. Les informations qu&rsquo;il contient peuvent \u00eatre renvoy\u00e9es \u00e0 nos serveurs lors de votre prochaine visite.<\/p>\n<p>L&rsquo;utilisation de cookies est tr\u00e8s importante pour le bon fonctionnement de notre site web, mais les cookies dont vous ne voyez pas imm\u00e9diatement l&rsquo;effet sont \u00e9galement tr\u00e8s importants. Gr\u00e2ce \u00e0 l&rsquo;apport des visiteurs (anonymes), nous pouvons am\u00e9liorer l&rsquo;utilisation du site web et le rendre plus convivial.<\/p>\n<h5>Consentement \u00e0 l&rsquo;utilisation de cookies<\/h5>\n<p>L&rsquo;utilisation de certains cookies n\u00e9cessite votre consentement. Aucun consentement n&rsquo;est requis pour les cookies que nous utilisons. <\/p>\n<h5>Types de cookies et leurs objectifs<\/h5>\n<p>Nous utilisons les types de cookies suivants :<\/p>\n<ul>\n<li>Cookies fonctionnels : ils permettent au site web de mieux fonctionner et sont plus conviviaux pour les visiteurs. Par exemple : nous enregistrons vos donn\u00e9es de connexion ou ce que vous mettez dans votre panier d&rsquo;achat.<\/li>\n<li>Les cookies analytiques anonymes : ils garantissent qu&rsquo;un cookie anonyme est g\u00e9n\u00e9r\u00e9 chaque fois que vous visitez un site web. Ces cookies savent si vous avez d\u00e9j\u00e0 visit\u00e9 le site ou non. Ce n&rsquo;est que lors de la premi\u00e8re visite qu&rsquo;un cookie est g\u00e9n\u00e9r\u00e9 ; lors des visites suivantes, le cookie d\u00e9j\u00e0 existant est utilis\u00e9. Ce cookie sert uniquement \u00e0 des fins statistiques. Il permet de collecter les donn\u00e9es suivantes :\n<ul>\n<li>Le nombre de visiteurs uniques<\/li>\n<li>La fr\u00e9quence des visites sur le site<\/li>\n<li>Les pages consult\u00e9es par les utilisateurs<\/li>\n<li>La dur\u00e9e de consultation d&rsquo;une page par les utilisateurs<\/li>\n<li>La page \u00e0 laquelle les visiteurs quittent le site <\/li>\n<\/ul>\n<\/li>\n<li>Cookies d&rsquo;am\u00e9lioration du site \/ cookies d&rsquo;optimisation : ils nous permettent de tester diff\u00e9rentes versions d&rsquo;une page web afin de d\u00e9terminer la page la plus visit\u00e9e.<\/li>\n<\/ul>\n<h5> <\/h5>\n<h5>Vos droits concernant vos donn\u00e9es<\/h5>\n<p>Vous disposez d&rsquo;un droit d&rsquo;acc\u00e8s, de rectification, de limitation et de suppression des donn\u00e9es \u00e0 caract\u00e8re personnel. Vous disposez \u00e9galement d&rsquo;un droit d&rsquo;opposition au traitement des donn\u00e9es \u00e0 caract\u00e8re personnel et d&rsquo;un droit \u00e0 la portabilit\u00e9 des donn\u00e9es. Vous pouvez exercer ces droits en nous envoyant un courrier \u00e9lectronique \u00e0 l&rsquo;adresse info@camperplaatswillemsoord.nl. Afin d&rsquo;\u00e9viter tout abus, nous pouvons vous demander de fournir des informations d&rsquo;identification ad\u00e9quates. En ce qui concerne l&rsquo;acc\u00e8s aux donn\u00e9es \u00e0 caract\u00e8re personnel li\u00e9es \u00e0 un cookie, nous vous demandons d&rsquo;envoyer une copie du cookie en question. Vous trouverez cela dans les param\u00e8tres de votre navigateur.<\/p>\n<h5>Blocage et suppression des cookies<\/h5>\n<p>Vous pouvez facilement bloquer et supprimer les cookies vous-m\u00eame \u00e0 tout moment via votre navigateur internet. Vous pouvez \u00e9galement param\u00e9trer votre navigateur Internet pour qu&rsquo;il vous avertisse lorsqu&rsquo;un cookie est plac\u00e9. Vous pouvez \u00e9galement indiquer que certains cookies ne peuvent pas \u00eatre plac\u00e9s. Consultez la fonction d&rsquo;aide de votre navigateur pour conna\u00eetre cette option. Si vous supprimez les cookies dans votre navigateur, cela peut affecter l&rsquo;utilisation agr\u00e9able de ce site web.<\/p>\n<p>Certains cookies de suivi sont install\u00e9s par des tiers qui vous pr\u00e9sentent des publicit\u00e9s sur notre site web, entre autres. Vous pouvez supprimer ces cookies de mani\u00e8re centralis\u00e9e via <a href=\"http:\/\/www.youronlinechoices.eu\" target=\"_blank\" rel=\"noopener\">youronlinechoices.com<\/a>.<\/p>\n<p>Sachez que si vous refusez les cookies, nous ne pouvons plus garantir le bon fonctionnement de notre site web. Certaines fonctions du site peuvent \u00eatre perdues ou vous pouvez ne pas \u00eatre en mesure de visiter le site web. En outre, le fait de refuser les cookies ne signifie pas que vous ne verrez plus de publicit\u00e9s. Simplement, les publicit\u00e9s ne seront plus adapt\u00e9es \u00e0 vos centres d&rsquo;int\u00e9r\u00eat et pourront donc \u00eatre r\u00e9p\u00e9t\u00e9es plus souvent.<\/p>\n<p>La mani\u00e8re de r\u00e9gler vos param\u00e8tres varie d&rsquo;un navigateur \u00e0 l&rsquo;autre. Consultez la fonction d&rsquo;aide de votre navigateur si n\u00e9cessaire, ou cliquez sur l&rsquo;un des liens ci-dessous pour acc\u00e9der directement au manuel de votre navigateur.<\/p>\n<ul>\n<li>Firefox: <a href=\"https:\/\/support.mozilla.org\/nl\/kb\/cookies-verwijderen-gegevens-wissen-websites-opgeslagen\">https:\/\/support.mozilla.org\/nl\/kb\/cookies-verwijderen-gegevens-wissen-websites-opgeslagen<\/a><\/li>\n<li>Google Chrome: <a href=\"https:\/\/support.google.com\/chrome\/answer\/95647?co=GENIE.Platform=Desktop&amp;hl=nl\">https:\/\/support.google.com\/chrome\/answer\/95647?co=GENIE.Platform=Desktop&amp;hl=nl<\/a><\/li>\n<li>Internet Explorer: <a href=\"https:\/\/support.microsoft.com\/nl-nl\/kb\/278835\">https:\/\/support.microsoft.com\/nl-nl\/kb\/278835<\/a><\/li>\n<li>Safari op smartphone: <a href=\"https:\/\/support.apple.com\/nl-nl\/HT201265\">https:\/\/support.apple.com\/nl-nl\/HT201265<\/a><\/li>\n<li>Safari op Mac: <a href=\"https:\/\/support.apple.com\/nl-be\/guide\/safari\/sfri11471\/mac\">https:\/\/support.apple.com\/nl-be\/guide\/safari\/sfri11471\/mac<\/a><\/li>\n<\/ul>\n<h5> <\/h5>\n<h5>Nouveaux d\u00e9veloppements et cookies impr\u00e9vus<\/h5>\n<p>Les textes de notre site web peuvent \u00eatre modifi\u00e9s \u00e0 tout moment en raison des d\u00e9veloppements en cours. Il en va de m\u00eame pour notre d\u00e9claration relative aux cookies. Nous vous invitons donc \u00e0 consulter r\u00e9guli\u00e8rement cette d\u00e9claration afin d&rsquo;\u00eatre inform\u00e9 de tout changement.<\/p>\n<p>Les articles de blog peuvent utiliser des contenus h\u00e9berg\u00e9s sur d&rsquo;autres sites et accessibles sur https:\/\/camperplaatswillemsoord.nl au moyen de certains codes (contenus int\u00e9gr\u00e9s). Pensez par exemple aux vid\u00e9os de YouTube. Ces codes utilisent souvent des cookies. Cependant, nous n&rsquo;avons aucun contr\u00f4le sur ce que ces tiers font avec leurs cookies.<\/p>\n<p>Il est \u00e9galement possible que des cookies soient plac\u00e9s via nos sites web par des tiers, ce dont nous ne sommes pas toujours conscients. Vous avez d\u00e9couvert sur notre site web des cookies impr\u00e9vus que vous ne trouvez pas dans notre aper\u00e7u ? N&rsquo;h\u00e9sitez pas \u00e0 nous en faire part via info@camperplaatswillemsoord.nl. Vous pouvez \u00e9galement contacter directement le tiers concern\u00e9 et lui demander quels sont les cookies qu&rsquo;il installe, quelle en est la raison, quelle est la dur\u00e9e de vie du cookie et de quelle mani\u00e8re il a garanti votre vie priv\u00e9e.<\/p>\n<h5>Remarques finales<\/h5>\n<p>Nous devrons modifier ces d\u00e9clarations de temps \u00e0 autre, par exemple lorsque nous mettrons \u00e0 jour notre site web ou lorsque nous modifierons les r\u00e8gles relatives aux cookies. Vous pouvez consulter la derni\u00e8re version sur cette page web. <\/p>\n<p>Si vous avez des questions et\/ou des commentaires, veuillez contacter <a href=\"mailto:info@camperplaatswillemsoord.nl\">info@camperplaatswillemsoord.nl<\/a>.<\/p>\n\t\t\t\t\t\t\t\t<\/div>\n\t\t\t\t<\/div>\n\t\t\t\t<div class=\"elementor-element elementor-element-eba811d elementor-widget elementor-widget-text-editor\" data-id=\"eba811d\" data-element_type=\"widget\" data-e-type=\"widget\" data-widget_type=\"text-editor.default\">\n\t\t\t\t<div class=\"elementor-widget-container\">\n\t\t\t\t\t\t\t\t\tVersion avril 2026\t\t\t\t\t\t\t\t<\/div>\n\t\t\t\t<\/div>\n\t\t\t\t\t<\/div>\n\t\t\t\t<\/div>\n\t\t\t\t<\/div>\n\t\t","protected":false},"excerpt":{"rendered":"<p>D\u00e9claration relative aux cookies D\u00e9claration relative aux cookies Aire de Camping-car Willemsoord L&rsquo;utilisation de cookies https:\/\/camperplaatswillemsoord.nl utilise des cookies. Un cookie est un simple petit fichier envoy\u00e9 avec des pages de ce site web et\/ou des applications Flash et stock\u00e9 par votre navigateur sur le disque dur de votre ordinateur, t\u00e9l\u00e9phone mobile, montre intelligente ou [&hellip;]<\/p>\n","protected":false},"author":1,"featured_media":174,"parent":0,"menu_order":91,"comment_status":"closed","ping_status":"closed","template":"","meta":{"_acf_changed":false,"footnotes":""},"class_list":["post-1463","page","type-page","status-publish","has-post-thumbnail","hentry"],"acf":[],"_links":{"self":[{"href":"https:\/\/camperplaatswillemsoord.nl\/fr\/wp-json\/wp\/v2\/pages\/1463","targetHints":{"allow":["GET"]}}],"collection":[{"href":"https:\/\/camperplaatswillemsoord.nl\/fr\/wp-json\/wp\/v2\/pages"}],"about":[{"href":"https:\/\/camperplaatswillemsoord.nl\/fr\/wp-json\/wp\/v2\/types\/page"}],"author":[{"embeddable":true,"href":"https:\/\/camperplaatswillemsoord.nl\/fr\/wp-json\/wp\/v2\/users\/1"}],"replies":[{"embeddable":true,"href":"https:\/\/camperplaatswillemsoord.nl\/fr\/wp-json\/wp\/v2\/comments?post=1463"}],"version-history":[{"count":1,"href":"https:\/\/camperplaatswillemsoord.nl\/fr\/wp-json\/wp\/v2\/pages\/1463\/revisions"}],"predecessor-version":[{"id":1464,"href":"https:\/\/camperplaatswillemsoord.nl\/fr\/wp-json\/wp\/v2\/pages\/1463\/revisions\/1464"}],"wp:featuredmedia":[{"embeddable":true,"href":"https:\/\/camperplaatswillemsoord.nl\/fr\/wp-json\/wp\/v2\/media\/174"}],"wp:attachment":[{"href":"https:\/\/camperplaatswillemsoord.nl\/fr\/wp-json\/wp\/v2\/media?parent=1463"}],"curies":[{"name":"wp","href":"https:\/\/api.w.org\/{rel}","templated":true}]}}