{"id":2187,"date":"2026-02-13T18:38:35","date_gmt":"2026-02-13T17:38:35","guid":{"rendered":"https:\/\/camperplaatswillemsoord.nl\/impression\/"},"modified":"2026-02-13T18:53:53","modified_gmt":"2026-02-13T17:53:53","slug":"impression","status":"publish","type":"page","link":"https:\/\/camperplaatswillemsoord.nl\/fr\/impression\/","title":{"rendered":"Impression"},"content":{"rendered":"\t\t<div data-elementor-type=\"wp-page\" data-elementor-id=\"2187\" class=\"elementor elementor-2187 elementor-2173\" data-elementor-post-type=\"page\">\n\t\t\t\t<div data-dce-background-image-url=\"https:\/\/camperplaatswillemsoord.nl\/wp-content\/uploads\/2023\/10\/Camperplaats-Willemsoord-Achtergrond-Camper-22x.png\" class=\"elementor-element elementor-element-236d64e e-flex e-con-boxed e-con e-parent\" data-id=\"236d64e\" data-element_type=\"container\" data-e-type=\"container\" data-settings=\"{&quot;background_background&quot;:&quot;classic&quot;}\">\n\t\t\t\t\t<div class=\"e-con-inner\">\n\t\t<div class=\"elementor-element elementor-element-84e3822 e-con-full e-flex e-con e-child\" data-id=\"84e3822\" data-element_type=\"container\" data-e-type=\"container\">\n\t\t\t\t<div class=\"elementor-element elementor-element-9549ab8 elementor-widget elementor-widget-heading\" data-id=\"9549ab8\" data-element_type=\"widget\" data-e-type=\"widget\" data-widget_type=\"heading.default\">\n\t\t\t\t<div class=\"elementor-widget-container\">\n\t\t\t\t\t<h2 class=\"elementor-heading-title elementor-size-default\">Impression Motorhome site Willemsoord<\/h2>\t\t\t\t<\/div>\n\t\t\t\t<\/div>\n\t\t\t\t<div class=\"elementor-element elementor-element-f56f2d9 elementor-widget elementor-widget-heading\" data-id=\"f56f2d9\" data-element_type=\"widget\" data-e-type=\"widget\" data-widget_type=\"heading.default\">\n\t\t\t\t<div class=\"elementor-widget-container\">\n\t\t\t\t\t<h5 class=\"elementor-heading-title elementor-size-default\">Un lieu pour s'arr\u00eater un instant<\/h5>\t\t\t\t<\/div>\n\t\t\t\t<\/div>\n\t\t\t\t<div class=\"elementor-element elementor-element-1c75dec elementor-widget elementor-widget-text-editor\" data-id=\"1c75dec\" data-element_type=\"widget\" data-e-type=\"widget\" data-widget_type=\"text-editor.default\">\n\t\t\t\t<div class=\"elementor-widget-container\">\n\t\t\t\t\t\t\t\t\tParfois, une image en dit plus que des mots. Cette page vous donnera une impression de l&rsquo;atmosph\u00e8re du camping Weldadig Willemsoord : la tranquillit\u00e9 du paysage ouvert, la verdure qui vous entoure et l&rsquo;espace que vous d\u00e9couvrez d\u00e8s que vous sortez du camping-car. C&rsquo;est ici que vous venez vous d\u00e9tendre et laisser derri\u00e8re vous le rythme de la vie quotidienne.  \t\t\t\t\t\t\t\t<\/div>\n\t\t\t\t<\/div>\n\t\t\t\t<div class=\"elementor-element elementor-element-e990168 elementor-widget elementor-widget-heading\" data-id=\"e990168\" data-element_type=\"widget\" data-e-type=\"widget\" data-widget_type=\"heading.default\">\n\t\t\t\t<div class=\"elementor-widget-container\">\n\t\t\t\t\t<h5 class=\"elementor-heading-title elementor-size-default\">La vie en plein air sous son meilleur jour<\/h5>\t\t\t\t<\/div>\n\t\t\t\t<\/div>\n\t\t\t\t<div class=\"elementor-element elementor-element-100ab13 elementor-widget elementor-widget-text-editor\" data-id=\"100ab13\" data-element_type=\"widget\" data-e-type=\"widget\" data-widget_type=\"text-editor.default\">\n\t\t\t\t<div class=\"elementor-widget-container\">\n\t\t\t\t\t\t\t\t\t<p>Qu&rsquo;il s&rsquo;agisse d&rsquo;un petit matin avec une l\u00e9g\u00e8re brume sur la terre, d&rsquo;un apr\u00e8s-midi ensoleill\u00e9 \u00e0 se d\u00e9tendre dans votre camping-car ou d&rsquo;un ciel du soir qui change lentement de couleur au coucher du soleil, chaque moment ici a son propre charme. Les photos montrent ce que les mots peuvent difficilement exprimer : le sentiment de libert\u00e9, d&rsquo;espace et de simplicit\u00e9. <\/p>\t\t\t\t\t\t\t\t<\/div>\n\t\t\t\t<\/div>\n\t\t\t\t<div class=\"elementor-element elementor-element-4e21df5 elementor-widget elementor-widget-heading\" data-id=\"4e21df5\" data-element_type=\"widget\" data-e-type=\"widget\" data-widget_type=\"heading.default\">\n\t\t\t\t<div class=\"elementor-widget-container\">\n\t\t\t\t\t<h5 class=\"elementor-heading-title elementor-size-default\">Ambiance, calme et rencontre<\/h5>\t\t\t\t<\/div>\n\t\t\t\t<\/div>\n\t\t\t\t<div class=\"elementor-element elementor-element-fa1d800 elementor-widget elementor-widget-text-editor\" data-id=\"fa1d800\" data-element_type=\"widget\" data-e-type=\"widget\" data-widget_type=\"text-editor.default\">\n\t\t\t\t<div class=\"elementor-widget-container\">\n\t\t\t\t\t\t\t\t\tWeldadig Willemsoord est synonyme de plaisir en toute simplicit\u00e9. Une discussion avec d&rsquo;autres h\u00f4tes, une promenade \u00e0 pied ou \u00e0 v\u00e9lo dans les environs, puis le retour dans votre propre coin de verdure. Les images de cette page donnent une impression, mais l&rsquo;exp\u00e9rience r\u00e9elle est cr\u00e9\u00e9e lorsque vous \u00eates ici vous-m\u00eame.  \t\t\t\t\t\t\t\t<\/div>\n\t\t\t\t<\/div>\n\t\t\t\t<div class=\"elementor-element elementor-element-1cac78e elementor-widget elementor-widget-heading\" data-id=\"1cac78e\" data-element_type=\"widget\" data-e-type=\"widget\" data-widget_type=\"heading.default\">\n\t\t\t\t<div class=\"elementor-widget-container\">\n\t\t\t\t\t<h5 class=\"elementor-heading-title elementor-size-default\">Partagez votre moment<\/h5>\t\t\t\t<\/div>\n\t\t\t\t<\/div>\n\t\t\t\t<div class=\"elementor-element elementor-element-643e73f elementor-widget elementor-widget-text-editor\" data-id=\"643e73f\" data-element_type=\"widget\" data-e-type=\"widget\" data-widget_type=\"text-editor.default\">\n\t\t\t\t<div class=\"elementor-widget-container\">\n\t\t\t\t\t\t\t\t\tVous avez pris de belles photos pendant votre s\u00e9jour ? Nous sommes ravis que vous les partagiez avec nous. Vous pouvez nous les envoyer pour que nous puissions les publier ici ou les ajouter \u00e0 votre commentaire. De cette fa\u00e7on, nous contribuons \u00e0 donner aux futurs h\u00f4tes une impression honn\u00eate et atmosph\u00e9rique de Camperplaats Weldadig Willemsoord.   \t\t\t\t\t\t\t\t<\/div>\n\t\t\t\t<\/div>\n\t\t\t\t<div class=\"elementor-element elementor-element-b04bb63 elementor-widget elementor-widget-gallery\" data-id=\"b04bb63\" data-element_type=\"widget\" data-e-type=\"widget\" data-settings=\"{&quot;columns_laptop&quot;:3,&quot;columns_tablet_extra&quot;:3,&quot;gap&quot;:{&quot;unit&quot;:&quot;px&quot;,&quot;size&quot;:15,&quot;sizes&quot;:[]},&quot;aspect_ratio&quot;:&quot;16:9&quot;,&quot;lazyload&quot;:&quot;yes&quot;,&quot;gallery_layout&quot;:&quot;grid&quot;,&quot;columns&quot;:4,&quot;columns_tablet&quot;:2,&quot;columns_mobile&quot;:1,&quot;gap_laptop&quot;:{&quot;unit&quot;:&quot;px&quot;,&quot;size&quot;:10,&quot;sizes&quot;:[]},&quot;gap_tablet_extra&quot;:{&quot;unit&quot;:&quot;px&quot;,&quot;size&quot;:10,&quot;sizes&quot;:[]},&quot;gap_tablet&quot;:{&quot;unit&quot;:&quot;px&quot;,&quot;size&quot;:10,&quot;sizes&quot;:[]},&quot;gap_mobile&quot;:{&quot;unit&quot;:&quot;px&quot;,&quot;size&quot;:10,&quot;sizes&quot;:[]},&quot;link_to&quot;:&quot;file&quot;,&quot;overlay_background&quot;:&quot;yes&quot;,&quot;content_hover_animation&quot;:&quot;fade-in&quot;}\" data-widget_type=\"gallery.default\">\n\t\t\t\t<div class=\"elementor-widget-container\">\n\t\t\t\t\t\t\t<div class=\"elementor-gallery__container\">\n\t\t\t\t\t\t\t<a class=\"e-gallery-item elementor-gallery-item elementor-animated-content\" href=\"https:\/\/camperplaatswillemsoord.nl\/wp-content\/uploads\/2026\/02\/Camperplaats-Willemsoord-impressie-12.jpg\" data-elementor-open-lightbox=\"yes\" data-elementor-lightbox-slideshow=\"b04bb63\" data-elementor-lightbox-title=\"Emplacement pour camping-cars Willemsoord impression 12\" data-elementor-lightbox-description=\"Emplacement pour camping-cars Willemsoord impression 12\" data-e-action-hash=\"#elementor-action%3Aaction%3Dlightbox%26settings%3DeyJpZCI6MjE0MywidXJsIjoiaHR0cHM6XC9cL2NhbXBlcnBsYWF0c3dpbGxlbXNvb3JkLm5sXC93cC1jb250ZW50XC91cGxvYWRzXC8yMDI2XC8wMlwvQ2FtcGVycGxhYXRzLVdpbGxlbXNvb3JkLWltcHJlc3NpZS0xMi5qcGciLCJzbGlkZXNob3ciOiJiMDRiYjYzIn0%3D\">\n\t\t\t\t\t<div class=\"e-gallery-image elementor-gallery-item__image\" data-thumbnail=\"https:\/\/camperplaatswillemsoord.nl\/wp-content\/uploads\/2026\/02\/Camperplaats-Willemsoord-impressie-12-1536x1152.jpg\" data-width=\"1536\" data-height=\"1152\" aria-label=\"Emplacement pour camping-cars Willemsoord impression 12\" role=\"img\" ><\/div>\n\t\t\t\t\t\t\t\t\t\t\t<div class=\"elementor-gallery-item__overlay\"><\/div>\n\t\t\t\t\t\t\t\t\t\t\t\t\t\t<\/a>\n\t\t\t\t\t\t\t<a class=\"e-gallery-item elementor-gallery-item elementor-animated-content\" href=\"https:\/\/camperplaatswillemsoord.nl\/wp-content\/uploads\/2026\/02\/Camperplaats-Willemsoord-impressie-1.jpeg\" data-elementor-open-lightbox=\"yes\" data-elementor-lightbox-slideshow=\"b04bb63\" data-elementor-lightbox-title=\"Camping-car Willemsoord impression 1\" data-elementor-lightbox-description=\"Camping-car Willemsoord impression 1\" data-e-action-hash=\"#elementor-action%3Aaction%3Dlightbox%26settings%3DeyJpZCI6MjE0NCwidXJsIjoiaHR0cHM6XC9cL2NhbXBlcnBsYWF0c3dpbGxlbXNvb3JkLm5sXC93cC1jb250ZW50XC91cGxvYWRzXC8yMDI2XC8wMlwvQ2FtcGVycGxhYXRzLVdpbGxlbXNvb3JkLWltcHJlc3NpZS0xLmpwZWciLCJzbGlkZXNob3ciOiJiMDRiYjYzIn0%3D\">\n\t\t\t\t\t<div class=\"e-gallery-image elementor-gallery-item__image\" data-thumbnail=\"https:\/\/camperplaatswillemsoord.nl\/wp-content\/uploads\/2026\/02\/Camperplaats-Willemsoord-impressie-1-1536x864.jpeg\" data-width=\"1536\" data-height=\"864\" aria-label=\"Camping-car Willemsoord impression 1\" role=\"img\" ><\/div>\n\t\t\t\t\t\t\t\t\t\t\t<div class=\"elementor-gallery-item__overlay\"><\/div>\n\t\t\t\t\t\t\t\t\t\t\t\t\t\t<\/a>\n\t\t\t\t\t\t\t<a class=\"e-gallery-item elementor-gallery-item elementor-animated-content\" href=\"https:\/\/camperplaatswillemsoord.nl\/wp-content\/uploads\/2026\/02\/Camperplaats-Willemsoord-impressie-11.jpg\" data-elementor-open-lightbox=\"yes\" data-elementor-lightbox-slideshow=\"b04bb63\" data-elementor-lightbox-title=\"Emplacement pour camping-cars Willemsoord impression 11\" data-elementor-lightbox-description=\"Emplacement pour camping-cars Willemsoord impression 11\" data-e-action-hash=\"#elementor-action%3Aaction%3Dlightbox%26settings%3DeyJpZCI6MjE4NCwidXJsIjoiaHR0cHM6XC9cL2NhbXBlcnBsYWF0c3dpbGxlbXNvb3JkLm5sXC93cC1jb250ZW50XC91cGxvYWRzXC8yMDI2XC8wMlwvQ2FtcGVycGxhYXRzLVdpbGxlbXNvb3JkLWltcHJlc3NpZS0xMS5qcGciLCJzbGlkZXNob3ciOiJiMDRiYjYzIn0%3D\">\n\t\t\t\t\t<div class=\"e-gallery-image elementor-gallery-item__image\" data-thumbnail=\"https:\/\/camperplaatswillemsoord.nl\/wp-content\/uploads\/2026\/02\/Camperplaats-Willemsoord-impressie-11.jpg\" data-width=\"1280\" data-height=\"720\" aria-label=\"Emplacement pour camping-cars Willemsoord impression 11\" role=\"img\" ><\/div>\n\t\t\t\t\t\t\t\t\t\t\t<div class=\"elementor-gallery-item__overlay\"><\/div>\n\t\t\t\t\t\t\t\t\t\t\t\t\t\t<\/a>\n\t\t\t\t\t\t\t<a class=\"e-gallery-item elementor-gallery-item elementor-animated-content\" href=\"https:\/\/camperplaatswillemsoord.nl\/wp-content\/uploads\/2026\/02\/Camperplaats-Willemsoord-impressie-2.jpeg\" data-elementor-open-lightbox=\"yes\" data-elementor-lightbox-slideshow=\"b04bb63\" data-elementor-lightbox-title=\"Camping-car Willemsoord impression 2\" data-elementor-lightbox-description=\"Camping-car Willemsoord impression 2\" data-e-action-hash=\"#elementor-action%3Aaction%3Dlightbox%26settings%3DeyJpZCI6MjE0MSwidXJsIjoiaHR0cHM6XC9cL2NhbXBlcnBsYWF0c3dpbGxlbXNvb3JkLm5sXC93cC1jb250ZW50XC91cGxvYWRzXC8yMDI2XC8wMlwvQ2FtcGVycGxhYXRzLVdpbGxlbXNvb3JkLWltcHJlc3NpZS0yLmpwZWciLCJzbGlkZXNob3ciOiJiMDRiYjYzIn0%3D\">\n\t\t\t\t\t<div class=\"e-gallery-image elementor-gallery-item__image\" data-thumbnail=\"https:\/\/camperplaatswillemsoord.nl\/wp-content\/uploads\/2026\/02\/Camperplaats-Willemsoord-impressie-2-1536x1152.jpeg\" data-width=\"1536\" data-height=\"1152\" aria-label=\"Camping-car Willemsoord impression 2\" role=\"img\" ><\/div>\n\t\t\t\t\t\t\t\t\t\t\t<div class=\"elementor-gallery-item__overlay\"><\/div>\n\t\t\t\t\t\t\t\t\t\t\t\t\t\t<\/a>\n\t\t\t\t\t\t\t<a class=\"e-gallery-item elementor-gallery-item elementor-animated-content\" href=\"https:\/\/camperplaatswillemsoord.nl\/wp-content\/uploads\/2026\/02\/Camperplaats-Willemsoord-impressie-6.jpg\" data-elementor-open-lightbox=\"yes\" data-elementor-lightbox-slideshow=\"b04bb63\" data-elementor-lightbox-title=\"Terrain de camping Willemsoord impression 6\" data-elementor-lightbox-description=\"Terrain de camping Willemsoord impression 6\" data-e-action-hash=\"#elementor-action%3Aaction%3Dlightbox%26settings%3DeyJpZCI6MjEzNiwidXJsIjoiaHR0cHM6XC9cL2NhbXBlcnBsYWF0c3dpbGxlbXNvb3JkLm5sXC93cC1jb250ZW50XC91cGxvYWRzXC8yMDI2XC8wMlwvQ2FtcGVycGxhYXRzLVdpbGxlbXNvb3JkLWltcHJlc3NpZS02LmpwZyIsInNsaWRlc2hvdyI6ImIwNGJiNjMifQ%3D%3D\">\n\t\t\t\t\t<div class=\"e-gallery-image elementor-gallery-item__image\" data-thumbnail=\"https:\/\/camperplaatswillemsoord.nl\/wp-content\/uploads\/2026\/02\/Camperplaats-Willemsoord-impressie-6-1536x1152.jpg\" data-width=\"1536\" data-height=\"1152\" aria-label=\"Terrain de camping Willemsoord impression 6\" role=\"img\" ><\/div>\n\t\t\t\t\t\t\t\t\t\t\t<div class=\"elementor-gallery-item__overlay\"><\/div>\n\t\t\t\t\t\t\t\t\t\t\t\t\t\t<\/a>\n\t\t\t\t\t\t\t<a class=\"e-gallery-item elementor-gallery-item elementor-animated-content\" href=\"https:\/\/camperplaatswillemsoord.nl\/wp-content\/uploads\/2026\/02\/Camperplaats-Willemsoord-impressie-3.jpg\" data-elementor-open-lightbox=\"yes\" data-elementor-lightbox-slideshow=\"b04bb63\" data-elementor-lightbox-title=\"Terrain de camping Willemsoord impression 3\" data-elementor-lightbox-description=\"Terrain de camping Willemsoord impression 3\" data-e-action-hash=\"#elementor-action%3Aaction%3Dlightbox%26settings%3DeyJpZCI6MjEzOCwidXJsIjoiaHR0cHM6XC9cL2NhbXBlcnBsYWF0c3dpbGxlbXNvb3JkLm5sXC93cC1jb250ZW50XC91cGxvYWRzXC8yMDI2XC8wMlwvQ2FtcGVycGxhYXRzLVdpbGxlbXNvb3JkLWltcHJlc3NpZS0zLmpwZyIsInNsaWRlc2hvdyI6ImIwNGJiNjMifQ%3D%3D\">\n\t\t\t\t\t<div class=\"e-gallery-image elementor-gallery-item__image\" data-thumbnail=\"https:\/\/camperplaatswillemsoord.nl\/wp-content\/uploads\/2026\/02\/Camperplaats-Willemsoord-impressie-3-1536x1152.jpg\" data-width=\"1536\" data-height=\"1152\" aria-label=\"Terrain de camping Willemsoord impression 3\" role=\"img\" ><\/div>\n\t\t\t\t\t\t\t\t\t\t\t<div class=\"elementor-gallery-item__overlay\"><\/div>\n\t\t\t\t\t\t\t\t\t\t\t\t\t\t<\/a>\n\t\t\t\t\t\t\t<a class=\"e-gallery-item elementor-gallery-item elementor-animated-content\" href=\"https:\/\/camperplaatswillemsoord.nl\/wp-content\/uploads\/2026\/02\/Camperplaats-Willemsoord-impressie-10.jpg\" data-elementor-open-lightbox=\"yes\" data-elementor-lightbox-slideshow=\"b04bb63\" data-elementor-lightbox-title=\"Terrain de camping Willemsoord impression 10\" data-elementor-lightbox-description=\"Terrain de camping Willemsoord impression 10\" data-e-action-hash=\"#elementor-action%3Aaction%3Dlightbox%26settings%3DeyJpZCI6MjEzNywidXJsIjoiaHR0cHM6XC9cL2NhbXBlcnBsYWF0c3dpbGxlbXNvb3JkLm5sXC93cC1jb250ZW50XC91cGxvYWRzXC8yMDI2XC8wMlwvQ2FtcGVycGxhYXRzLVdpbGxlbXNvb3JkLWltcHJlc3NpZS0xMC5qcGciLCJzbGlkZXNob3ciOiJiMDRiYjYzIn0%3D\">\n\t\t\t\t\t<div class=\"e-gallery-image elementor-gallery-item__image\" data-thumbnail=\"https:\/\/camperplaatswillemsoord.nl\/wp-content\/uploads\/2026\/02\/Camperplaats-Willemsoord-impressie-10-1536x1152.jpg\" data-width=\"1536\" data-height=\"1152\" aria-label=\"Terrain de camping Willemsoord impression 10\" role=\"img\" ><\/div>\n\t\t\t\t\t\t\t\t\t\t\t<div class=\"elementor-gallery-item__overlay\"><\/div>\n\t\t\t\t\t\t\t\t\t\t\t\t\t\t<\/a>\n\t\t\t\t\t\t\t<a class=\"e-gallery-item elementor-gallery-item elementor-animated-content\" href=\"https:\/\/camperplaatswillemsoord.nl\/wp-content\/uploads\/2026\/02\/Camperplaats-Willemsoord-impressie-7.jpg\" data-elementor-open-lightbox=\"yes\" data-elementor-lightbox-slideshow=\"b04bb63\" data-elementor-lightbox-title=\"Emplacement pour camping-cars Willemsoord impression 7\" data-elementor-lightbox-description=\"Emplacement pour camping-cars Willemsoord impression 7\" data-e-action-hash=\"#elementor-action%3Aaction%3Dlightbox%26settings%3DeyJpZCI6MjEzOSwidXJsIjoiaHR0cHM6XC9cL2NhbXBlcnBsYWF0c3dpbGxlbXNvb3JkLm5sXC93cC1jb250ZW50XC91cGxvYWRzXC8yMDI2XC8wMlwvQ2FtcGVycGxhYXRzLVdpbGxlbXNvb3JkLWltcHJlc3NpZS03LmpwZyIsInNsaWRlc2hvdyI6ImIwNGJiNjMifQ%3D%3D\">\n\t\t\t\t\t<div class=\"e-gallery-image elementor-gallery-item__image\" data-thumbnail=\"https:\/\/camperplaatswillemsoord.nl\/wp-content\/uploads\/2026\/02\/Camperplaats-Willemsoord-impressie-7-1536x1152.jpg\" data-width=\"1536\" data-height=\"1152\" aria-label=\"Emplacement pour camping-cars Willemsoord impression 7\" role=\"img\" ><\/div>\n\t\t\t\t\t\t\t\t\t\t\t<div class=\"elementor-gallery-item__overlay\"><\/div>\n\t\t\t\t\t\t\t\t\t\t\t\t\t\t<\/a>\n\t\t\t\t\t\t\t<a class=\"e-gallery-item elementor-gallery-item elementor-animated-content\" href=\"https:\/\/camperplaatswillemsoord.nl\/wp-content\/uploads\/2026\/02\/Camperplaats-Willemsoord-impressie-8.jpg\" data-elementor-open-lightbox=\"yes\" data-elementor-lightbox-slideshow=\"b04bb63\" data-elementor-lightbox-title=\"Camping-car Willemsoord impression 8\" data-elementor-lightbox-description=\"Camping-car Willemsoord impression 8\" data-e-action-hash=\"#elementor-action%3Aaction%3Dlightbox%26settings%3DeyJpZCI6MjE0MCwidXJsIjoiaHR0cHM6XC9cL2NhbXBlcnBsYWF0c3dpbGxlbXNvb3JkLm5sXC93cC1jb250ZW50XC91cGxvYWRzXC8yMDI2XC8wMlwvQ2FtcGVycGxhYXRzLVdpbGxlbXNvb3JkLWltcHJlc3NpZS04LmpwZyIsInNsaWRlc2hvdyI6ImIwNGJiNjMifQ%3D%3D\">\n\t\t\t\t\t<div class=\"e-gallery-image elementor-gallery-item__image\" data-thumbnail=\"https:\/\/camperplaatswillemsoord.nl\/wp-content\/uploads\/2026\/02\/Camperplaats-Willemsoord-impressie-8-1152x1536.jpg\" data-width=\"1152\" data-height=\"1536\" aria-label=\"Camping-car Willemsoord impression 8\" role=\"img\" ><\/div>\n\t\t\t\t\t\t\t\t\t\t\t<div class=\"elementor-gallery-item__overlay\"><\/div>\n\t\t\t\t\t\t\t\t\t\t\t\t\t\t<\/a>\n\t\t\t\t\t\t\t<a class=\"e-gallery-item elementor-gallery-item elementor-animated-content\" href=\"https:\/\/camperplaatswillemsoord.nl\/wp-content\/uploads\/2026\/02\/Camperplaats-Willemsoord-impressie-9.jpg\" data-elementor-open-lightbox=\"yes\" data-elementor-lightbox-slideshow=\"b04bb63\" data-elementor-lightbox-title=\"Emplacement pour camping-cars Willemsoord impression 9\" data-elementor-lightbox-description=\"Emplacement pour camping-cars Willemsoord impression 9\" data-e-action-hash=\"#elementor-action%3Aaction%3Dlightbox%26settings%3DeyJpZCI6MjE0MiwidXJsIjoiaHR0cHM6XC9cL2NhbXBlcnBsYWF0c3dpbGxlbXNvb3JkLm5sXC93cC1jb250ZW50XC91cGxvYWRzXC8yMDI2XC8wMlwvQ2FtcGVycGxhYXRzLVdpbGxlbXNvb3JkLWltcHJlc3NpZS05LmpwZyIsInNsaWRlc2hvdyI6ImIwNGJiNjMifQ%3D%3D\">\n\t\t\t\t\t<div class=\"e-gallery-image elementor-gallery-item__image\" data-thumbnail=\"https:\/\/camperplaatswillemsoord.nl\/wp-content\/uploads\/2026\/02\/Camperplaats-Willemsoord-impressie-9-1536x1152.jpg\" data-width=\"1536\" data-height=\"1152\" aria-label=\"Emplacement pour camping-cars Willemsoord impression 9\" role=\"img\" ><\/div>\n\t\t\t\t\t\t\t\t\t\t\t<div class=\"elementor-gallery-item__overlay\"><\/div>\n\t\t\t\t\t\t\t\t\t\t\t\t\t\t<\/a>\n\t\t\t\t\t\t\t<a class=\"e-gallery-item elementor-gallery-item elementor-animated-content\" href=\"https:\/\/camperplaatswillemsoord.nl\/wp-content\/uploads\/elementor\/forms\/68586b0ff2150-scaled.jpg\" data-elementor-open-lightbox=\"yes\" data-elementor-lightbox-slideshow=\"b04bb63\" data-elementor-lightbox-title=\"Camping-car Weldadig Willemsoord - Unit\u00e9 sanitaire\" data-elementor-lightbox-description=\"Camping-car Weldadig Willemsoord - Unit\u00e9 sanitaire  \" data-e-action-hash=\"#elementor-action%3Aaction%3Dlightbox%26settings%3DeyJpZCI6MjA1NCwidXJsIjoiaHR0cHM6XC9cL2NhbXBlcnBsYWF0c3dpbGxlbXNvb3JkLm5sXC93cC1jb250ZW50XC91cGxvYWRzXC9lbGVtZW50b3JcL2Zvcm1zXC82ODU4NmIwZmYyMTUwLXNjYWxlZC5qcGciLCJzbGlkZXNob3ciOiJiMDRiYjYzIn0%3D\">\n\t\t\t\t\t<div class=\"e-gallery-image elementor-gallery-item__image\" data-thumbnail=\"https:\/\/camperplaatswillemsoord.nl\/wp-content\/uploads\/elementor\/forms\/68586b0ff2150-727x1536.jpg\" data-width=\"727\" data-height=\"1536\" aria-label=\"Camping-car Weldadig Willemsoord - Unit\u00e9 sanitaire\" role=\"img\" ><\/div>\n\t\t\t\t\t\t\t\t\t\t\t<div class=\"elementor-gallery-item__overlay\"><\/div>\n\t\t\t\t\t\t\t\t\t\t\t\t\t\t<\/a>\n\t\t\t\t\t\t\t<a class=\"e-gallery-item elementor-gallery-item elementor-animated-content\" href=\"https:\/\/camperplaatswillemsoord.nl\/wp-content\/uploads\/2026\/02\/Camperplaats-Willemsoord-impressie-4.jpg\" data-elementor-open-lightbox=\"yes\" data-elementor-lightbox-slideshow=\"b04bb63\" data-elementor-lightbox-title=\"Camping-car Willemsoord impression 4\" data-elementor-lightbox-description=\"Camping-car Willemsoord impression 4\" data-e-action-hash=\"#elementor-action%3Aaction%3Dlightbox%26settings%3DeyJpZCI6MjE4NSwidXJsIjoiaHR0cHM6XC9cL2NhbXBlcnBsYWF0c3dpbGxlbXNvb3JkLm5sXC93cC1jb250ZW50XC91cGxvYWRzXC8yMDI2XC8wMlwvQ2FtcGVycGxhYXRzLVdpbGxlbXNvb3JkLWltcHJlc3NpZS00LmpwZyIsInNsaWRlc2hvdyI6ImIwNGJiNjMifQ%3D%3D\">\n\t\t\t\t\t<div class=\"e-gallery-image elementor-gallery-item__image\" data-thumbnail=\"https:\/\/camperplaatswillemsoord.nl\/wp-content\/uploads\/2026\/02\/Camperplaats-Willemsoord-impressie-4-1152x1536.jpg\" data-width=\"1152\" data-height=\"1536\" aria-label=\"Camping-car Willemsoord impression 4\" role=\"img\" ><\/div>\n\t\t\t\t\t\t\t\t\t\t\t<div class=\"elementor-gallery-item__overlay\"><\/div>\n\t\t\t\t\t\t\t\t\t\t\t\t\t\t<\/a>\n\t\t\t\t\t\t\t<a class=\"e-gallery-item elementor-gallery-item elementor-animated-content\" href=\"https:\/\/camperplaatswillemsoord.nl\/wp-content\/uploads\/2026\/02\/Camperplaats-Willemsoord-impressie-5.jpg\" data-elementor-open-lightbox=\"yes\" data-elementor-lightbox-slideshow=\"b04bb63\" data-elementor-lightbox-title=\"Terrain de camping Willemsoord impression 5\" data-elementor-lightbox-description=\"Terrain de camping Willemsoord impression 5\" data-e-action-hash=\"#elementor-action%3Aaction%3Dlightbox%26settings%3DeyJpZCI6MjE4NiwidXJsIjoiaHR0cHM6XC9cL2NhbXBlcnBsYWF0c3dpbGxlbXNvb3JkLm5sXC93cC1jb250ZW50XC91cGxvYWRzXC8yMDI2XC8wMlwvQ2FtcGVycGxhYXRzLVdpbGxlbXNvb3JkLWltcHJlc3NpZS01LmpwZyIsInNsaWRlc2hvdyI6ImIwNGJiNjMifQ%3D%3D\">\n\t\t\t\t\t<div class=\"e-gallery-image elementor-gallery-item__image\" data-thumbnail=\"https:\/\/camperplaatswillemsoord.nl\/wp-content\/uploads\/2026\/02\/Camperplaats-Willemsoord-impressie-5-1152x1536.jpg\" data-width=\"1152\" data-height=\"1536\" aria-label=\"Terrain de camping Willemsoord impression 5\" role=\"img\" ><\/div>\n\t\t\t\t\t\t\t\t\t\t\t<div class=\"elementor-gallery-item__overlay\"><\/div>\n\t\t\t\t\t\t\t\t\t\t\t\t\t\t<\/a>\n\t\t\t\t\t<\/div>\n\t\t\t\t\t<\/div>\n\t\t\t\t<\/div>\n\t\t\t\t<\/div>\n\t\t\t\t\t<\/div>\n\t\t\t\t<\/div>\n\t\t\t\t<\/div>\n\t\t","protected":false},"excerpt":{"rendered":"<p>Impression Motorhome site Willemsoord Un lieu pour s&rsquo;arr\u00eater un instant Parfois, une image en dit plus que des mots. Cette page vous donnera une impression de l&rsquo;atmosph\u00e8re du camping Weldadig Willemsoord : la tranquillit\u00e9 du paysage ouvert, la verdure qui vous entoure et l&rsquo;espace que vous d\u00e9couvrez d\u00e8s que vous sortez du camping-car. C&rsquo;est ici [&hellip;]<\/p>\n","protected":false},"author":1,"featured_media":2144,"parent":0,"menu_order":0,"comment_status":"closed","ping_status":"closed","template":"","meta":{"_acf_changed":false,"footnotes":""},"class_list":["post-2187","page","type-page","status-publish","has-post-thumbnail","hentry"],"acf":[],"_links":{"self":[{"href":"https:\/\/camperplaatswillemsoord.nl\/fr\/wp-json\/wp\/v2\/pages\/2187","targetHints":{"allow":["GET"]}}],"collection":[{"href":"https:\/\/camperplaatswillemsoord.nl\/fr\/wp-json\/wp\/v2\/pages"}],"about":[{"href":"https:\/\/camperplaatswillemsoord.nl\/fr\/wp-json\/wp\/v2\/types\/page"}],"author":[{"embeddable":true,"href":"https:\/\/camperplaatswillemsoord.nl\/fr\/wp-json\/wp\/v2\/users\/1"}],"replies":[{"embeddable":true,"href":"https:\/\/camperplaatswillemsoord.nl\/fr\/wp-json\/wp\/v2\/comments?post=2187"}],"version-history":[{"count":1,"href":"https:\/\/camperplaatswillemsoord.nl\/fr\/wp-json\/wp\/v2\/pages\/2187\/revisions"}],"predecessor-version":[{"id":2189,"href":"https:\/\/camperplaatswillemsoord.nl\/fr\/wp-json\/wp\/v2\/pages\/2187\/revisions\/2189"}],"wp:featuredmedia":[{"embeddable":true,"href":"https:\/\/camperplaatswillemsoord.nl\/fr\/wp-json\/wp\/v2\/media\/2144"}],"wp:attachment":[{"href":"https:\/\/camperplaatswillemsoord.nl\/fr\/wp-json\/wp\/v2\/media?parent=2187"}],"curies":[{"name":"wp","href":"https:\/\/api.w.org\/{rel}","templated":true}]}}